{"id":1466,"date":"2020-02-05T14:44:03","date_gmt":"2020-02-05T12:44:03","guid":{"rendered":"https:\/\/www.racoon-arts.de\/?page_id=1466"},"modified":"2020-02-05T15:11:49","modified_gmt":"2020-02-05T13:11:49","slug":"welcome-to-the-circus","status":"publish","type":"page","link":"https:\/\/www.racoon-arts.de\/index.php\/series\/welcome-to-the-circus\/","title":{"rendered":"Welcome to the Circus"},"content":{"rendered":"\n<h3 style=\"text-align: center;\"><span style=\"color: #000000;\">Welcome to the circus (2016)<br \/><\/span><\/h3>\n<p><span style=\"color: #000000;\">Ich bin ein Faschingsnarr. Aufgewachsen in der N\u00e4he von Radeburg kennt es jeder Mensch, egal ob Gro\u00df oder Klein. Entweder man hasst es, oder man liebt es. <\/span><br \/><span style=\"color: #000000;\">Ich liebe es, seit ich denken kann. Sich zu kost\u00fcmieren, von der Idee \u00fcber das Kost\u00fcm basteln bis hin zum Fertigmachen f\u00fcr das Event. Jede Zelle meines K\u00f6rpers zelebriert dieses Szenario. Und nein, ich bin damit nicht alleine. Denn mein Freundeskreis sieht sich nicht alle Tage, aber an diesem Wochenende sind wir fast alle da und man f\u00fchlt sich keinen Tag \u00e4lter als beim ersten mal. 2016 haben wir uns alle nach einem Motto gekleidet, welches ich auch so absolut faszinierend finde. So warfen wir uns alle in ein Kost\u00fcm welches zum Thema Circus passt. Ausger\u00fcstet mit meinem Ringlicht, habe ich uns alle innerhalb von 15 Minuten fotografiert. Stressig? JA! Hat sich es gelohnt? AUF JEDEN! Ich danke euch, ihr verr\u00fcckten!<\/span><\/p>\n<p>\u00a0<\/p>\n<p style=\"text-align: center;\"><style type=\"text\/css\" scoped>.rbs_gallery_69d79f575699dSpinner{\r\n\t\t\t\tmargin: 50px auto;\r\n\t\t\t\twidth: 50px;\r\n\t\t\t\theight: 40px;\r\n\t\t\t\ttext-align: center;\r\n\t\t\t\tfont-size: 10px;\r\n\t\t\t}\r\n\t\t\t.rbs_gallery_69d79f575699dSpinner > div{\r\n\t\t\t  background-color: #333;\r\n\t\t\t  height: 100%;\r\n\t\t\t  width: 6px;\r\n\t\t\t  display: inline-block;\r\n\t\t\t  -webkit-animation: rbs_gallery_69d79f575699d-stretchdelay 1.2s infinite ease-in-out;\r\n\t\t\t  animation: rbs_gallery_69d79f575699d-stretchdelay 1.2s infinite ease-in-out;\r\n\t\t\t}\r\n\t\t\t.rbs_gallery_69d79f575699dSpinner .rbs_gallery_69d79f575699dRect2 {\r\n\t\t\t  -webkit-animation-delay: -1.1s;\r\n\t\t\t  animation-delay: -1.1s;\r\n\t\t\t}\r\n\t\t\t.rbs_gallery_69d79f575699dSpinner .rbs_gallery_69d79f575699dRect3 {\r\n\t\t\t  -webkit-animation-delay: -1.0s;\r\n\t\t\t  animation-delay: -1.0s;\r\n\t\t\t}\r\n\t\t\t.rbs_gallery_69d79f575699dSpinner .rbs_gallery_69d79f575699dRect4 {\r\n\t\t\t  -webkit-animation-delay: -0.9s;\r\n\t\t\t  animation-delay: -0.9s;\r\n\t\t\t}\r\n\t\t\t.rbs_gallery_69d79f575699dSpinner .rbs_gallery_69d79f575699dRect5 {\r\n\t\t\t  -webkit-animation-delay: -0.8s;\r\n\t\t\t  animation-delay: -0.8s;\r\n\t\t\t}\r\n\t\t\t@-webkit-keyframes rbs_gallery_69d79f575699d-stretchdelay {\r\n\t\t\t  0%, 40%, 100% { -webkit-transform: scaleY(0.4) }  \r\n\t\t\t  20% { -webkit-transform: scaleY(1.0) }\r\n\t\t\t}\r\n\t\t\t@keyframes rbs_gallery_69d79f575699d-stretchdelay {\r\n\t\t\t  0%, 40%, 100% { \r\n\t\t\t    transform: scaleY(0.4);\r\n\t\t\t    -webkit-transform: scaleY(0.4);\r\n\t\t\t  }  20% { \r\n\t\t\t    transform: scaleY(1.0);\r\n\t\t\t    -webkit-transform: scaleY(1.0);\r\n\t\t\t  }\r\n\t\t\t}\r\n\t\t<\/style><div class=\"robo-gallery-wrap robo-gallery-wrap-id1431 robo-gallery-\" ><div id=\"rbs_gallery_69d79f575699d-block-loader\" class=\"rbs_gallery_69d79f575699dSpinner\"><div class=\"rbs_gallery_69d79f575699dRect1\"><\/div> <div class=\"rbs_gallery_69d79f575699dRect2\"><\/div> <div class=\"rbs_gallery_69d79f575699dRect3\"><\/div> <div class=\"rbs_gallery_69d79f575699dRect4\"><\/div> <div class=\"rbs_gallery_69d79f575699dRect5\"><\/div><\/div><div class=\"rbs_gallery_button  rbs_gallery_align_center\" id=\"rbs_gallery_69d79f575699dfilter\" style=\" display: none;\" ><a class=\"button button-flat button-large  \" href=\"#\" data-filter=\".category1431\">welcome to the circus - galerie<\/a><\/div><div id=\"robo_gallery_main_block_rbs_gallery_69d79f575699d\" class=\"robogallery-gallery-1431\" style=\"width:100%;  display: none;\"><div id=\"rbs_gallery_69d79f575699d\" data-options=\"rbs_gallery_69d79f575699d\" style=\"width:100%;\" class=\"robo_gallery  \"><div class=\"rbs-img  category1431 \" ><div class=\"rbs-img-image   rbs-lightbox \" ><div class=\"rbs-img-thumbs\"  data-thumbnail=\"https:\/\/www.racoon-arts.de\/wp-content\/uploads\/2020\/02\/DSC0217-684x1024.jpg\"  title=\"pierot - female edition\"  data-width=\"676\"  data-height=\"1012\" ><\/div><div class=\"rbs-img-data-popup\"  data-popup=\"https:\/\/www.racoon-arts.de\/wp-content\/uploads\/2020\/02\/DSC0217-scaled.jpg\"  title=\"pierot - female edition\" ><\/div><div class=\"thumbnail-overlay\"><div class=\"rbsTitle \">pierot - female edition<\/div><div class=\"rbsIcons\"><i class=\"fa fa-search rbsZoomIcon \" ><\/i><\/div><\/div><\/div><\/div><div class=\"rbs-img  category1431 \" ><div class=\"rbs-img-image   rbs-lightbox \" ><div class=\"rbs-img-thumbs\"  data-thumbnail=\"https:\/\/www.racoon-arts.de\/wp-content\/uploads\/2020\/02\/Chrissi-684x1024.jpg\"  title=\"Bunny\"  data-width=\"676\"  data-height=\"1012\" ><\/div><div class=\"rbs-img-data-popup\"  data-popup=\"https:\/\/www.racoon-arts.de\/wp-content\/uploads\/2020\/02\/Chrissi-scaled.jpg\"  title=\"Bunny\" ><\/div><div class=\"thumbnail-overlay\"><div class=\"rbsTitle \">Bunny<\/div><div class=\"rbsIcons\"><i class=\"fa fa-search rbsZoomIcon \" ><\/i><\/div><\/div><\/div><\/div><div class=\"rbs-img  category1431 \" ><div class=\"rbs-img-image   rbs-lightbox \" ><div class=\"rbs-img-thumbs\"  data-thumbnail=\"https:\/\/www.racoon-arts.de\/wp-content\/uploads\/2020\/02\/Claudia-8-684x1024.jpg\"  title=\"Lion\"  data-width=\"676\"  data-height=\"1012\" ><\/div><div class=\"rbs-img-data-popup\"  data-popup=\"https:\/\/www.racoon-arts.de\/wp-content\/uploads\/2020\/02\/Claudia-8-scaled.jpg\"  title=\"Lion\" ><\/div><div class=\"thumbnail-overlay\"><div class=\"rbsTitle \">Lion<\/div><div class=\"rbsIcons\"><i class=\"fa fa-search rbsZoomIcon \" ><\/i><\/div><\/div><\/div><\/div><div class=\"rbs-img  category1431 \" ><div class=\"rbs-img-image   rbs-lightbox \" ><div class=\"rbs-img-thumbs\"  data-thumbnail=\"https:\/\/www.racoon-arts.de\/wp-content\/uploads\/2020\/02\/Claus-kl-684x1024.jpg\"  title=\"pierot - male edition\"  data-width=\"676\"  data-height=\"1012\" ><\/div><div class=\"rbs-img-data-popup\"  data-popup=\"https:\/\/www.racoon-arts.de\/wp-content\/uploads\/2020\/02\/Claus-kl-scaled.jpg\"  title=\"pierot - male edition\" ><\/div><div class=\"thumbnail-overlay\"><div class=\"rbsTitle \">pierot - male edition<\/div><div class=\"rbsIcons\"><i class=\"fa fa-search rbsZoomIcon \" ><\/i><\/div><\/div><\/div><\/div><div class=\"rbs-img  category1431 \" ><div class=\"rbs-img-image   rbs-lightbox \" ><div class=\"rbs-img-thumbs\"  data-thumbnail=\"https:\/\/www.racoon-arts.de\/wp-content\/uploads\/2020\/02\/Doreem-kl-684x1024.jpg\"  title=\"knife throwers victim\"  data-width=\"676\"  data-height=\"1012\" ><\/div><div class=\"rbs-img-data-popup\"  data-popup=\"https:\/\/www.racoon-arts.de\/wp-content\/uploads\/2020\/02\/Doreem-kl-scaled.jpg\"  title=\"knife throwers victim\" ><\/div><div class=\"thumbnail-overlay\"><div class=\"rbsTitle \">knife throwers victim<\/div><div class=\"rbsIcons\"><i class=\"fa fa-search rbsZoomIcon \" ><\/i><\/div><\/div><\/div><\/div><div class=\"rbs-img  category1431 \" ><div class=\"rbs-img-image   rbs-lightbox \" ><div class=\"rbs-img-thumbs\"  data-thumbnail=\"https:\/\/www.racoon-arts.de\/wp-content\/uploads\/2020\/02\/Jana-kl-684x1024.jpg\"  title=\"tamer\"  data-width=\"676\"  data-height=\"1012\" ><\/div><div class=\"rbs-img-data-popup\"  data-popup=\"https:\/\/www.racoon-arts.de\/wp-content\/uploads\/2020\/02\/Jana-kl-scaled.jpg\"  title=\"tamer\" ><\/div><div class=\"thumbnail-overlay\"><div class=\"rbsTitle \">tamer<\/div><div class=\"rbsIcons\"><i class=\"fa fa-search rbsZoomIcon \" ><\/i><\/div><\/div><\/div><\/div><div class=\"rbs-img  category1431 \" ><div class=\"rbs-img-image   rbs-lightbox \" ><div class=\"rbs-img-thumbs\"  data-thumbnail=\"https:\/\/www.racoon-arts.de\/wp-content\/uploads\/2020\/02\/Madlen-SW-683x1024.jpg\"  title=\"knife thrower\"  data-width=\"676\"  data-height=\"1014\" ><\/div><div class=\"rbs-img-data-popup\"  data-popup=\"https:\/\/www.racoon-arts.de\/wp-content\/uploads\/2020\/02\/Madlen-SW-scaled.jpg\"  title=\"knife thrower\" ><\/div><div class=\"thumbnail-overlay\"><div class=\"rbsTitle \">knife thrower<\/div><div class=\"rbsIcons\"><i class=\"fa fa-search rbsZoomIcon \" ><\/i><\/div><\/div><\/div><\/div><div class=\"rbs-img  category1431 \" ><div class=\"rbs-img-image   rbs-lightbox \" ><div class=\"rbs-img-thumbs\"  data-thumbnail=\"https:\/\/www.racoon-arts.de\/wp-content\/uploads\/2020\/02\/Mama-kl-684x1024.jpg\"  title=\"mother\"  data-width=\"676\"  data-height=\"1012\" ><\/div><div class=\"rbs-img-data-popup\"  data-popup=\"https:\/\/www.racoon-arts.de\/wp-content\/uploads\/2020\/02\/Mama-kl-scaled.jpg\"  title=\"mother\" ><\/div><div class=\"thumbnail-overlay\"><div class=\"rbsTitle \">mother<\/div><div class=\"rbsIcons\"><i class=\"fa fa-search rbsZoomIcon \" ><\/i><\/div><\/div><\/div><\/div><div class=\"rbs-img  category1431 \" ><div class=\"rbs-img-image   rbs-lightbox \" ><div class=\"rbs-img-thumbs\"  data-thumbnail=\"https:\/\/www.racoon-arts.de\/wp-content\/uploads\/2020\/02\/Mebbi-SW-684x1024.jpg\"  title=\"rope dancer\"  data-width=\"676\"  data-height=\"1012\" ><\/div><div class=\"rbs-img-data-popup\"  data-popup=\"https:\/\/www.racoon-arts.de\/wp-content\/uploads\/2020\/02\/Mebbi-SW-scaled.jpg\"  title=\"rope dancer\" ><\/div><div class=\"thumbnail-overlay\"><div class=\"rbsTitle \">rope dancer<\/div><div class=\"rbsIcons\"><i class=\"fa fa-search rbsZoomIcon \" ><\/i><\/div><\/div><\/div><\/div><div class=\"rbs-img  category1431 \" ><div class=\"rbs-img-image   rbs-lightbox \" ><div class=\"rbs-img-thumbs\"  data-thumbnail=\"https:\/\/www.racoon-arts.de\/wp-content\/uploads\/2020\/02\/Nicole-684x1024.jpg\"  title=\"tiger\"  data-width=\"676\"  data-height=\"1012\" ><\/div><div class=\"rbs-img-data-popup\"  data-popup=\"https:\/\/www.racoon-arts.de\/wp-content\/uploads\/2020\/02\/Nicole-scaled.jpg\"  title=\"tiger\" ><\/div><div class=\"thumbnail-overlay\"><div class=\"rbsTitle \">tiger<\/div><div class=\"rbsIcons\"><i class=\"fa fa-search rbsZoomIcon \" ><\/i><\/div><\/div><\/div><\/div><div class=\"rbs-img  category1431 \" ><div class=\"rbs-img-image   rbs-lightbox \" ><div class=\"rbs-img-thumbs\"  data-thumbnail=\"https:\/\/www.racoon-arts.de\/wp-content\/uploads\/2020\/02\/Peter-SW-684x1024.jpg\"  title=\"acrobat\"  data-width=\"676\"  data-height=\"1012\" ><\/div><div class=\"rbs-img-data-popup\"  data-popup=\"https:\/\/www.racoon-arts.de\/wp-content\/uploads\/2020\/02\/Peter-SW-scaled.jpg\"  title=\"acrobat\" ><\/div><div class=\"thumbnail-overlay\"><div class=\"rbsTitle \">acrobat<\/div><div class=\"rbsIcons\"><i class=\"fa fa-search rbsZoomIcon \" ><\/i><\/div><\/div><\/div><\/div><div class=\"rbs-img  category1431 \" ><div class=\"rbs-img-image   rbs-lightbox \" ><div class=\"rbs-img-thumbs\"  data-thumbnail=\"https:\/\/www.racoon-arts.de\/wp-content\/uploads\/2020\/02\/Rico-SW-684x1024.jpg\"  title=\"director\"  data-width=\"676\"  data-height=\"1012\" ><\/div><div class=\"rbs-img-data-popup\"  data-popup=\"https:\/\/www.racoon-arts.de\/wp-content\/uploads\/2020\/02\/Rico-SW-scaled.jpg\"  title=\"director\" ><\/div><div class=\"thumbnail-overlay\"><div class=\"rbsTitle \">director<\/div><div class=\"rbsIcons\"><i class=\"fa fa-search rbsZoomIcon \" ><\/i><\/div><\/div><\/div><\/div><div class=\"rbs-img  category1431 \" ><div class=\"rbs-img-image   rbs-lightbox \" ><div class=\"rbs-img-thumbs\"  data-thumbnail=\"https:\/\/www.racoon-arts.de\/wp-content\/uploads\/2020\/02\/Skrypi-684x1024.jpg\"  title=\"clown\"  data-width=\"676\"  data-height=\"1012\" ><\/div><div class=\"rbs-img-data-popup\"  data-popup=\"https:\/\/www.racoon-arts.de\/wp-content\/uploads\/2020\/02\/Skrypi-scaled.jpg\"  title=\"clown\" ><\/div><div class=\"thumbnail-overlay\"><div class=\"rbsTitle \">clown<\/div><div class=\"rbsIcons\"><i class=\"fa fa-search rbsZoomIcon \" ><\/i><\/div><\/div><\/div><\/div><div class=\"rbs-img  category1431 \" ><div class=\"rbs-img-image   rbs-lightbox \" ><div class=\"rbs-img-thumbs\"  data-thumbnail=\"https:\/\/www.racoon-arts.de\/wp-content\/uploads\/2020\/02\/Steffen-kl-684x1024.jpg\"  title=\"magician\"  data-width=\"676\"  data-height=\"1012\" ><\/div><div class=\"rbs-img-data-popup\"  data-popup=\"https:\/\/www.racoon-arts.de\/wp-content\/uploads\/2020\/02\/Steffen-kl-scaled.jpg\"  title=\"magician\" ><\/div><div class=\"thumbnail-overlay\"><div class=\"rbsTitle \">magician<\/div><div class=\"rbsIcons\"><i class=\"fa fa-search rbsZoomIcon \" ><\/i><\/div><\/div><\/div><\/div><div class=\"rbs-img  category1431 \" ><div class=\"rbs-img-image   rbs-lightbox \" ><div class=\"rbs-img-thumbs\"  data-thumbnail=\"https:\/\/www.racoon-arts.de\/wp-content\/uploads\/2020\/02\/Steve-SW-684x1024.jpg\"  title=\"Illusionist\"  data-width=\"676\"  data-height=\"1012\" ><\/div><div class=\"rbs-img-data-popup\"  data-popup=\"https:\/\/www.racoon-arts.de\/wp-content\/uploads\/2020\/02\/Steve-SW-scaled.jpg\"  title=\"Illusionist\" ><\/div><div class=\"thumbnail-overlay\"><div class=\"rbsTitle \">Illusionist<\/div><div class=\"rbsIcons\"><i class=\"fa fa-search rbsZoomIcon \" ><\/i><\/div><\/div><\/div><\/div><\/div><\/div><\/div><script>var rbs_gallery_69d79f575699d = {\"version\":\"3.2.5\",\"id\":1431,\"class\":\"id1431\",\"roboGalleryDelay\":1000,\"mainContainer\":\"#robo_gallery_main_block_rbs_gallery_69d79f575699d\",\"loadingContainer\":\"#rbs_gallery_69d79f575699d-block-loader\",\"loadingContainerObj\":\"rbs_gallery_69d79f575699d-block-loader\",\"columnWidth\":\"auto\",\"columns\":3,\"resolutions\":[{\"columnWidth\":\"auto\",\"columns\":3,\"maxWidth\":960},{\"columnWidth\":\"auto\",\"columns\":2,\"maxWidth\":650},{\"columnWidth\":\"auto\",\"columns\":1,\"maxWidth\":450}],\"lightboxOptions\":{\"gallery\":{\"enabled\":true,\"tCounter\":\"%curr% of %total%\"}},\"overlayEffect\":\"direction-aware-fade\",\"boxesToLoadStart\":20,\"boxesToLoad\":20,\"waitUntilThumbLoads\":1,\"LoadingWord\":\"Loading...\",\"loadMoreWord\":\"Load More\",\"noMoreEntriesWord\":\"No More Entries\",\"horizontalSpaceBetweenBoxes\":15,\"verticalSpaceBetweenBoxes\":15,\"lazyLoad\":1,\"wrapContainer\":\"#robo-gallery-wrap-rbs_gallery_69d79f575699d\",\"filterContainer\":\"#rbs_gallery_69d79f575699dfilter\",\"loadMoreClass\":\"button-flat button-large \"};<\/script>\n","protected":false},"excerpt":{"rendered":"<p>Welcome to the circus (2016) Ich bin ein Faschingsnarr. Aufgewachsen in der N\u00e4he von Radeburg kennt es jeder Mensch, egal ob Gro\u00df oder Klein. Entweder man hasst es, oder man liebt es. Ich liebe es, seit ich denken kann. Sich zu kost\u00fcmieren, von der Idee \u00fcber das Kost\u00fcm basteln bis hin zum Fertigmachen f\u00fcr das [&hellip;]<\/p>\n","protected":false},"author":1,"featured_media":0,"parent":310,"menu_order":4,"comment_status":"closed","ping_status":"closed","template":"template-fullwidth.php","meta":[],"_links":{"self":[{"href":"https:\/\/www.racoon-arts.de\/index.php\/wp-json\/wp\/v2\/pages\/1466"}],"collection":[{"href":"https:\/\/www.racoon-arts.de\/index.php\/wp-json\/wp\/v2\/pages"}],"about":[{"href":"https:\/\/www.racoon-arts.de\/index.php\/wp-json\/wp\/v2\/types\/page"}],"author":[{"embeddable":true,"href":"https:\/\/www.racoon-arts.de\/index.php\/wp-json\/wp\/v2\/users\/1"}],"replies":[{"embeddable":true,"href":"https:\/\/www.racoon-arts.de\/index.php\/wp-json\/wp\/v2\/comments?post=1466"}],"version-history":[{"count":5,"href":"https:\/\/www.racoon-arts.de\/index.php\/wp-json\/wp\/v2\/pages\/1466\/revisions"}],"predecessor-version":[{"id":1475,"href":"https:\/\/www.racoon-arts.de\/index.php\/wp-json\/wp\/v2\/pages\/1466\/revisions\/1475"}],"up":[{"embeddable":true,"href":"https:\/\/www.racoon-arts.de\/index.php\/wp-json\/wp\/v2\/pages\/310"}],"wp:attachment":[{"href":"https:\/\/www.racoon-arts.de\/index.php\/wp-json\/wp\/v2\/media?parent=1466"}],"curies":[{"name":"wp","href":"https:\/\/api.w.org\/{rel}","templated":true}]}}