{"id":1473,"date":"2020-02-05T14:57:02","date_gmt":"2020-02-05T12:57:02","guid":{"rendered":"https:\/\/www.racoon-arts.de\/?page_id=1473"},"modified":"2020-02-05T15:37:37","modified_gmt":"2020-02-05T13:37:37","slug":"bedtime-stories","status":"publish","type":"page","link":"https:\/\/www.racoon-arts.de\/index.php\/series\/bedtime-stories\/","title":{"rendered":"Bedtime stories"},"content":{"rendered":"\n<h3 style=\"text-align: center;\"><span style=\"color: #000000;\">Bedtime Stories (2014 &#8211; 2017)<\/span><\/h3>\n<p><span style=\"color: #000000;\">In meinen Model-Zeiten habe ich mir immer ein Shooting gew\u00fcnscht, welches mich sinnlich, m\u00e4nnlich und erotisch zeigt. Als es dazu kam, war ich von den Ergebnissen begeistert. Die Suche nach dem richtigen Fotografen daf\u00fcr, war nicht einfach. Als ich mich als Fotograf selber fragte, was ich als erstes Projekt angehen m\u00f6chte, bin ich aus Zufall auf die Idee gekommen eine Bedtime Story-Reihe zumachen. Ich habe das Gl\u00fcck gehabt, tolle M\u00e4nner f\u00fcr dieses Projekt zu begeistern und mir als Fotograf zu vertrauen. Ich danke all den unterschiedlichen Modellen f\u00fcr die tollen Shooting. Ich zeige euch hier eine kleine Auswahl meiner Favoriten.<\/span><\/p>\n<p style=\"text-align: center;\"><style type=\"text\/css\" scoped>.rbs_gallery_69d79f51b0b72Spinner{\r\n\t\t\t\tmargin: 50px auto;\r\n\t\t\t\twidth: 50px;\r\n\t\t\t\theight: 40px;\r\n\t\t\t\ttext-align: center;\r\n\t\t\t\tfont-size: 10px;\r\n\t\t\t}\r\n\t\t\t.rbs_gallery_69d79f51b0b72Spinner > div{\r\n\t\t\t  background-color: #333;\r\n\t\t\t  height: 100%;\r\n\t\t\t  width: 6px;\r\n\t\t\t  display: inline-block;\r\n\t\t\t  -webkit-animation: rbs_gallery_69d79f51b0b72-stretchdelay 1.2s infinite ease-in-out;\r\n\t\t\t  animation: rbs_gallery_69d79f51b0b72-stretchdelay 1.2s infinite ease-in-out;\r\n\t\t\t}\r\n\t\t\t.rbs_gallery_69d79f51b0b72Spinner .rbs_gallery_69d79f51b0b72Rect2 {\r\n\t\t\t  -webkit-animation-delay: -1.1s;\r\n\t\t\t  animation-delay: -1.1s;\r\n\t\t\t}\r\n\t\t\t.rbs_gallery_69d79f51b0b72Spinner .rbs_gallery_69d79f51b0b72Rect3 {\r\n\t\t\t  -webkit-animation-delay: -1.0s;\r\n\t\t\t  animation-delay: -1.0s;\r\n\t\t\t}\r\n\t\t\t.rbs_gallery_69d79f51b0b72Spinner .rbs_gallery_69d79f51b0b72Rect4 {\r\n\t\t\t  -webkit-animation-delay: -0.9s;\r\n\t\t\t  animation-delay: -0.9s;\r\n\t\t\t}\r\n\t\t\t.rbs_gallery_69d79f51b0b72Spinner .rbs_gallery_69d79f51b0b72Rect5 {\r\n\t\t\t  -webkit-animation-delay: -0.8s;\r\n\t\t\t  animation-delay: -0.8s;\r\n\t\t\t}\r\n\t\t\t@-webkit-keyframes rbs_gallery_69d79f51b0b72-stretchdelay {\r\n\t\t\t  0%, 40%, 100% { -webkit-transform: scaleY(0.4) }  \r\n\t\t\t  20% { -webkit-transform: scaleY(1.0) }\r\n\t\t\t}\r\n\t\t\t@keyframes rbs_gallery_69d79f51b0b72-stretchdelay {\r\n\t\t\t  0%, 40%, 100% { \r\n\t\t\t    transform: scaleY(0.4);\r\n\t\t\t    -webkit-transform: scaleY(0.4);\r\n\t\t\t  }  20% { \r\n\t\t\t    transform: scaleY(1.0);\r\n\t\t\t    -webkit-transform: scaleY(1.0);\r\n\t\t\t  }\r\n\t\t\t}\r\n\t\t<\/style><div class=\"robo-gallery-wrap robo-gallery-wrap-id1476 robo-gallery-\" ><div id=\"rbs_gallery_69d79f51b0b72-block-loader\" class=\"rbs_gallery_69d79f51b0b72Spinner\"><div class=\"rbs_gallery_69d79f51b0b72Rect1\"><\/div> <div class=\"rbs_gallery_69d79f51b0b72Rect2\"><\/div> <div class=\"rbs_gallery_69d79f51b0b72Rect3\"><\/div> <div class=\"rbs_gallery_69d79f51b0b72Rect4\"><\/div> <div class=\"rbs_gallery_69d79f51b0b72Rect5\"><\/div><\/div><div class=\"rbs_gallery_button  rbs_gallery_align_center\" id=\"rbs_gallery_69d79f51b0b72filter\" style=\" display: none;\" ><a class=\"button button-flat button-large  \" href=\"#\" data-filter=\".category1476\">bedtime stories - galerie<\/a><\/div><div id=\"robo_gallery_main_block_rbs_gallery_69d79f51b0b72\" class=\"robogallery-gallery-1476\" style=\"width:100%;  display: none;\"><div id=\"rbs_gallery_69d79f51b0b72\" data-options=\"rbs_gallery_69d79f51b0b72\" style=\"width:100%;\" class=\"robo_gallery  \"><div class=\"rbs-img  category1476 \" ><div class=\"rbs-img-image   rbs-lightbox \" ><div class=\"rbs-img-thumbs\"  data-thumbnail=\"https:\/\/www.racoon-arts.de\/wp-content\/uploads\/2020\/02\/DSC3475-kl-684x1024.jpg\"  title=\"Diego\"  data-width=\"676\"  data-height=\"1012\" ><\/div><div class=\"rbs-img-data-popup\"  data-popup=\"https:\/\/www.racoon-arts.de\/wp-content\/uploads\/2020\/02\/DSC3475-kl-scaled.jpg\"  title=\"Diego\" ><\/div><div class=\"thumbnail-overlay\"><div class=\"rbsTitle \">Diego<\/div><div class=\"rbsIcons\"><i class=\"fa fa-search rbsZoomIcon \" ><\/i><\/div><\/div><\/div><\/div><div class=\"rbs-img  category1476 \" ><div class=\"rbs-img-image   rbs-lightbox \" ><div class=\"rbs-img-thumbs\"  data-thumbnail=\"https:\/\/www.racoon-arts.de\/wp-content\/uploads\/2020\/02\/DSC3517-kl-1024x684.jpg\"  title=\"Diego\"  data-width=\"676\"  data-height=\"452\" ><\/div><div class=\"rbs-img-data-popup\"  data-popup=\"https:\/\/www.racoon-arts.de\/wp-content\/uploads\/2020\/02\/DSC3517-kl-scaled.jpg\"  title=\"Diego\" ><\/div><div class=\"thumbnail-overlay\"><div class=\"rbsTitle \">Diego<\/div><div class=\"rbsIcons\"><i class=\"fa fa-search rbsZoomIcon \" ><\/i><\/div><\/div><\/div><\/div><div class=\"rbs-img  category1476 \" ><div class=\"rbs-img-image   rbs-lightbox \" ><div class=\"rbs-img-thumbs\"  data-thumbnail=\"https:\/\/www.racoon-arts.de\/wp-content\/uploads\/2020\/02\/DSC6914-klt-684x1024.jpg\"  title=\"Adam\"  data-width=\"676\"  data-height=\"1012\" ><\/div><div class=\"rbs-img-data-popup\"  data-popup=\"https:\/\/www.racoon-arts.de\/wp-content\/uploads\/2020\/02\/DSC6914-klt-scaled.jpg\"  title=\"Adam\" ><\/div><div class=\"thumbnail-overlay\"><div class=\"rbsTitle \">Adam<\/div><div class=\"rbsIcons\"><i class=\"fa fa-search rbsZoomIcon \" ><\/i><\/div><\/div><\/div><\/div><div class=\"rbs-img  category1476 \" ><div class=\"rbs-img-image   rbs-lightbox \" ><div class=\"rbs-img-thumbs\"  data-thumbnail=\"https:\/\/www.racoon-arts.de\/wp-content\/uploads\/2020\/02\/DSC6932-kl-1024x684.jpg\"  title=\"Adam\"  data-width=\"676\"  data-height=\"452\" ><\/div><div class=\"rbs-img-data-popup\"  data-popup=\"https:\/\/www.racoon-arts.de\/wp-content\/uploads\/2020\/02\/DSC6932-kl-scaled.jpg\"  title=\"Adam\" ><\/div><div class=\"thumbnail-overlay\"><div class=\"rbsTitle \">Adam<\/div><div class=\"rbsIcons\"><i class=\"fa fa-search rbsZoomIcon \" ><\/i><\/div><\/div><\/div><\/div><div class=\"rbs-img  category1476 \" ><div class=\"rbs-img-image   rbs-lightbox \" ><div class=\"rbs-img-thumbs\"  data-thumbnail=\"https:\/\/www.racoon-arts.de\/wp-content\/uploads\/2020\/02\/DSC6949-kl-1024x684.jpg\"  title=\"Adam\"  data-width=\"676\"  data-height=\"452\" ><\/div><div class=\"rbs-img-data-popup\"  data-popup=\"https:\/\/www.racoon-arts.de\/wp-content\/uploads\/2020\/02\/DSC6949-kl-scaled.jpg\"  title=\"Adam\" ><\/div><div class=\"thumbnail-overlay\"><div class=\"rbsTitle \">Adam<\/div><div class=\"rbsIcons\"><i class=\"fa fa-search rbsZoomIcon \" ><\/i><\/div><\/div><\/div><\/div><div class=\"rbs-img  category1476 \" ><div class=\"rbs-img-image   rbs-lightbox \" ><div class=\"rbs-img-thumbs\"  data-thumbnail=\"https:\/\/www.racoon-arts.de\/wp-content\/uploads\/2020\/02\/DSC8425-kl-1024x684.jpg\"  title=\"Torsten\"  data-width=\"676\"  data-height=\"452\" ><\/div><div class=\"rbs-img-data-popup\"  data-popup=\"https:\/\/www.racoon-arts.de\/wp-content\/uploads\/2020\/02\/DSC8425-kl-scaled.jpg\"  title=\"Torsten\" ><\/div><div class=\"thumbnail-overlay\"><div class=\"rbsTitle \">Torsten<\/div><div class=\"rbsIcons\"><i class=\"fa fa-search rbsZoomIcon \" ><\/i><\/div><\/div><\/div><\/div><div class=\"rbs-img  category1476 \" ><div class=\"rbs-img-image   rbs-lightbox \" ><div class=\"rbs-img-thumbs\"  data-thumbnail=\"https:\/\/www.racoon-arts.de\/wp-content\/uploads\/2020\/02\/DSC8449-kl-1024x684.jpg\"  title=\"Torsten\"  data-width=\"676\"  data-height=\"452\" ><\/div><div class=\"rbs-img-data-popup\"  data-popup=\"https:\/\/www.racoon-arts.de\/wp-content\/uploads\/2020\/02\/DSC8449-kl-scaled.jpg\"  title=\"Torsten\" ><\/div><div class=\"thumbnail-overlay\"><div class=\"rbsTitle \">Torsten<\/div><div class=\"rbsIcons\"><i class=\"fa fa-search rbsZoomIcon \" ><\/i><\/div><\/div><\/div><\/div><div class=\"rbs-img  category1476 \" ><div class=\"rbs-img-image   rbs-lightbox \" ><div class=\"rbs-img-thumbs\"  data-thumbnail=\"https:\/\/www.racoon-arts.de\/wp-content\/uploads\/2020\/02\/DSC8281-kl-1024x684.jpg\"  title=\"Torsten\"  data-width=\"676\"  data-height=\"452\" ><\/div><div class=\"rbs-img-data-popup\"  data-popup=\"https:\/\/www.racoon-arts.de\/wp-content\/uploads\/2020\/02\/DSC8281-kl-scaled.jpg\"  title=\"Torsten\" ><\/div><div class=\"thumbnail-overlay\"><div class=\"rbsTitle \">Torsten<\/div><div class=\"rbsIcons\"><i class=\"fa fa-search rbsZoomIcon \" ><\/i><\/div><\/div><\/div><\/div><div class=\"rbs-img  category1476 \" ><div class=\"rbs-img-image   rbs-lightbox \" ><div class=\"rbs-img-thumbs\"  data-thumbnail=\"https:\/\/www.racoon-arts.de\/wp-content\/uploads\/2020\/02\/DSC8496-kl-684x1024.jpg\"  title=\"Torsten\"  data-width=\"676\"  data-height=\"1012\" ><\/div><div class=\"rbs-img-data-popup\"  data-popup=\"https:\/\/www.racoon-arts.de\/wp-content\/uploads\/2020\/02\/DSC8496-kl-scaled.jpg\"  title=\"Torsten\" ><\/div><div class=\"thumbnail-overlay\"><div class=\"rbsTitle \">Torsten<\/div><div class=\"rbsIcons\"><i class=\"fa fa-search rbsZoomIcon \" ><\/i><\/div><\/div><\/div><\/div><div class=\"rbs-img  category1476 \" ><div class=\"rbs-img-image   rbs-lightbox \" ><div class=\"rbs-img-thumbs\"  data-thumbnail=\"https:\/\/www.racoon-arts.de\/wp-content\/uploads\/2020\/02\/DSC8327-kl-684x1024.jpg\"  title=\"Torsten\"  data-width=\"676\"  data-height=\"1012\" ><\/div><div class=\"rbs-img-data-popup\"  data-popup=\"https:\/\/www.racoon-arts.de\/wp-content\/uploads\/2020\/02\/DSC8327-kl-scaled.jpg\"  title=\"Torsten\" ><\/div><div class=\"thumbnail-overlay\"><div class=\"rbsTitle \">Torsten<\/div><div class=\"rbsIcons\"><i class=\"fa fa-search rbsZoomIcon \" ><\/i><\/div><\/div><\/div><\/div><div class=\"rbs-img  category1476 \" ><div class=\"rbs-img-image   rbs-lightbox \" ><div class=\"rbs-img-thumbs\"  data-thumbnail=\"https:\/\/www.racoon-arts.de\/wp-content\/uploads\/2020\/02\/DSC8254_BEA_kl-684x1024.jpg\"  title=\"Sebastian\"  data-width=\"676\"  data-height=\"1012\" ><\/div><div class=\"rbs-img-data-popup\"  data-popup=\"https:\/\/www.racoon-arts.de\/wp-content\/uploads\/2020\/02\/DSC8254_BEA_kl-scaled.jpg\"  title=\"Sebastian\" ><\/div><div class=\"thumbnail-overlay\"><div class=\"rbsTitle \">Sebastian<\/div><div class=\"rbsIcons\"><i class=\"fa fa-search rbsZoomIcon \" ><\/i><\/div><\/div><\/div><\/div><div class=\"rbs-img  category1476 \" ><div class=\"rbs-img-image   rbs-lightbox \" ><div class=\"rbs-img-thumbs\"  data-thumbnail=\"https:\/\/www.racoon-arts.de\/wp-content\/uploads\/2020\/02\/DSC8244_BEA_kl-683x1024.jpg\"  title=\"Sebastian\"  data-width=\"676\"  data-height=\"1014\" ><\/div><div class=\"rbs-img-data-popup\"  data-popup=\"https:\/\/www.racoon-arts.de\/wp-content\/uploads\/2020\/02\/DSC8244_BEA_kl-scaled.jpg\"  title=\"Sebastian\" ><\/div><div class=\"thumbnail-overlay\"><div class=\"rbsTitle \">Sebastian<\/div><div class=\"rbsIcons\"><i class=\"fa fa-search rbsZoomIcon \" ><\/i><\/div><\/div><\/div><\/div><div class=\"rbs-img  category1476 \" ><div class=\"rbs-img-image   rbs-lightbox \" ><div class=\"rbs-img-thumbs\"  data-thumbnail=\"https:\/\/www.racoon-arts.de\/wp-content\/uploads\/2020\/02\/DSC8350_BEA_kl-683x1024.jpg\"  title=\"Sebastian\"  data-width=\"676\"  data-height=\"1014\" ><\/div><div class=\"rbs-img-data-popup\"  data-popup=\"https:\/\/www.racoon-arts.de\/wp-content\/uploads\/2020\/02\/DSC8350_BEA_kl-scaled.jpg\"  title=\"Sebastian\" ><\/div><div class=\"thumbnail-overlay\"><div class=\"rbsTitle \">Sebastian<\/div><div class=\"rbsIcons\"><i class=\"fa fa-search rbsZoomIcon \" ><\/i><\/div><\/div><\/div><\/div><div class=\"rbs-img  category1476 \" ><div class=\"rbs-img-image   rbs-lightbox \" ><div class=\"rbs-img-thumbs\"  data-thumbnail=\"https:\/\/www.racoon-arts.de\/wp-content\/uploads\/2020\/02\/DSC8356_BEA_kl-1024x684.jpg\"  title=\"Sebastian\"  data-width=\"676\"  data-height=\"452\" ><\/div><div class=\"rbs-img-data-popup\"  data-popup=\"https:\/\/www.racoon-arts.de\/wp-content\/uploads\/2020\/02\/DSC8356_BEA_kl-scaled.jpg\"  title=\"Sebastian\" ><\/div><div class=\"thumbnail-overlay\"><div class=\"rbsTitle \">Sebastian<\/div><div class=\"rbsIcons\"><i class=\"fa fa-search rbsZoomIcon \" ><\/i><\/div><\/div><\/div><\/div><div class=\"rbs-img  category1476 \" ><div class=\"rbs-img-image   rbs-lightbox \" ><div class=\"rbs-img-thumbs\"  data-thumbnail=\"https:\/\/www.racoon-arts.de\/wp-content\/uploads\/2020\/02\/DSC8362_BEA_SW_kl-1024x684.jpg\"  title=\"Sebastian\"  data-width=\"676\"  data-height=\"452\" ><\/div><div class=\"rbs-img-data-popup\"  data-popup=\"https:\/\/www.racoon-arts.de\/wp-content\/uploads\/2020\/02\/DSC8362_BEA_SW_kl-scaled.jpg\"  title=\"Sebastian\" ><\/div><div class=\"thumbnail-overlay\"><div class=\"rbsTitle \">Sebastian<\/div><div class=\"rbsIcons\"><i class=\"fa fa-search rbsZoomIcon \" ><\/i><\/div><\/div><\/div><\/div><div class=\"rbs-img  category1476 \" ><div class=\"rbs-img-image   rbs-lightbox \" ><div class=\"rbs-img-thumbs\"  data-thumbnail=\"https:\/\/www.racoon-arts.de\/wp-content\/uploads\/2020\/02\/DSC8392_BEA_SW_kl-1024x684.jpg\"  title=\"Sebastian\"  data-width=\"676\"  data-height=\"452\" ><\/div><div class=\"rbs-img-data-popup\"  data-popup=\"https:\/\/www.racoon-arts.de\/wp-content\/uploads\/2020\/02\/DSC8392_BEA_SW_kl-scaled.jpg\"  title=\"Sebastian\" ><\/div><div class=\"thumbnail-overlay\"><div class=\"rbsTitle \">Sebastian<\/div><div class=\"rbsIcons\"><i class=\"fa fa-search rbsZoomIcon \" ><\/i><\/div><\/div><\/div><\/div><div class=\"rbs-img  category1476 \" ><div class=\"rbs-img-image   rbs-lightbox \" ><div class=\"rbs-img-thumbs\"  data-thumbnail=\"https:\/\/www.racoon-arts.de\/wp-content\/uploads\/2020\/02\/DSC8475_BEA_kl-1024x684.jpg\"  title=\"Sebastian\"  data-width=\"676\"  data-height=\"452\" ><\/div><div class=\"rbs-img-data-popup\"  data-popup=\"https:\/\/www.racoon-arts.de\/wp-content\/uploads\/2020\/02\/DSC8475_BEA_kl-scaled.jpg\"  title=\"Sebastian\" ><\/div><div class=\"thumbnail-overlay\"><div class=\"rbsTitle \">Sebastian<\/div><div class=\"rbsIcons\"><i class=\"fa fa-search rbsZoomIcon \" ><\/i><\/div><\/div><\/div><\/div><div class=\"rbs-img  category1476 \" ><div class=\"rbs-img-image   rbs-lightbox \" ><div class=\"rbs-img-thumbs\"  data-thumbnail=\"https:\/\/www.racoon-arts.de\/wp-content\/uploads\/2020\/02\/DSC8816_BEA_kl-1024x684.jpg\"  title=\"Paul\"  data-width=\"676\"  data-height=\"452\" ><\/div><div class=\"rbs-img-data-popup\"  data-popup=\"https:\/\/www.racoon-arts.de\/wp-content\/uploads\/2020\/02\/DSC8816_BEA_kl-scaled.jpg\"  title=\"Paul\" ><\/div><div class=\"thumbnail-overlay\"><div class=\"rbsTitle \">Paul<\/div><div class=\"rbsIcons\"><i class=\"fa fa-search rbsZoomIcon \" ><\/i><\/div><\/div><\/div><\/div><div class=\"rbs-img  category1476 \" ><div class=\"rbs-img-image   rbs-lightbox \" ><div class=\"rbs-img-thumbs\"  data-thumbnail=\"https:\/\/www.racoon-arts.de\/wp-content\/uploads\/2020\/02\/DSC8825_BEA_kl-1024x684.jpg\"  title=\"Paul\"  data-width=\"676\"  data-height=\"452\" ><\/div><div class=\"rbs-img-data-popup\"  data-popup=\"https:\/\/www.racoon-arts.de\/wp-content\/uploads\/2020\/02\/DSC8825_BEA_kl-scaled.jpg\"  title=\"Paul\" ><\/div><div class=\"thumbnail-overlay\"><div class=\"rbsTitle \">Paul<\/div><div class=\"rbsIcons\"><i class=\"fa fa-search rbsZoomIcon \" ><\/i><\/div><\/div><\/div><\/div><div class=\"rbs-img  category1476 \" ><div class=\"rbs-img-image   rbs-lightbox \" ><div class=\"rbs-img-thumbs\"  data-thumbnail=\"https:\/\/www.racoon-arts.de\/wp-content\/uploads\/2020\/02\/DSC8855_BEA_kl-684x1024.jpg\"  title=\"Paul\"  data-width=\"676\"  data-height=\"1012\" ><\/div><div class=\"rbs-img-data-popup\"  data-popup=\"https:\/\/www.racoon-arts.de\/wp-content\/uploads\/2020\/02\/DSC8855_BEA_kl-scaled.jpg\"  title=\"Paul\" ><\/div><div class=\"thumbnail-overlay\"><div class=\"rbsTitle \">Paul<\/div><div class=\"rbsIcons\"><i class=\"fa fa-search rbsZoomIcon \" ><\/i><\/div><\/div><\/div><\/div><div class=\"rbs-img  category1476 \" ><div class=\"rbs-img-image   rbs-lightbox \" ><div class=\"rbs-img-thumbs\"  data-thumbnail=\"https:\/\/www.racoon-arts.de\/wp-content\/uploads\/2020\/02\/DSC8881_BEA_kl-1024x683.jpg\"  title=\"Paul\"  data-width=\"676\"  data-height=\"451\" ><\/div><div class=\"rbs-img-data-popup\"  data-popup=\"https:\/\/www.racoon-arts.de\/wp-content\/uploads\/2020\/02\/DSC8881_BEA_kl-scaled.jpg\"  title=\"Paul\" ><\/div><div class=\"thumbnail-overlay\"><div class=\"rbsTitle \">Paul<\/div><div class=\"rbsIcons\"><i class=\"fa fa-search rbsZoomIcon \" ><\/i><\/div><\/div><\/div><\/div><div class=\"rbs-img  category1476 \" ><div class=\"rbs-img-image   rbs-lightbox \" ><div class=\"rbs-img-thumbs\"  data-thumbnail=\"https:\/\/www.racoon-arts.de\/wp-content\/uploads\/2020\/02\/DSC9132_BEA_SW_kl-684x1024.jpg\"  title=\"Paul\"  data-width=\"676\"  data-height=\"1012\" ><\/div><div class=\"rbs-img-data-popup\"  data-popup=\"https:\/\/www.racoon-arts.de\/wp-content\/uploads\/2020\/02\/DSC9132_BEA_SW_kl-scaled.jpg\"  title=\"Paul\" ><\/div><div class=\"thumbnail-overlay\"><div class=\"rbsTitle \">Paul<\/div><div class=\"rbsIcons\"><i class=\"fa fa-search rbsZoomIcon \" ><\/i><\/div><\/div><\/div><\/div><div class=\"rbs-img  category1476 \" ><div class=\"rbs-img-image   rbs-lightbox \" ><div class=\"rbs-img-thumbs\"  data-thumbnail=\"https:\/\/www.racoon-arts.de\/wp-content\/uploads\/2020\/02\/DSC9335_BEA_SW_kl-684x1024.jpg\"  title=\"Jay J\"  data-width=\"676\"  data-height=\"1012\" ><\/div><div class=\"rbs-img-data-popup\"  data-popup=\"https:\/\/www.racoon-arts.de\/wp-content\/uploads\/2020\/02\/DSC9335_BEA_SW_kl-scaled.jpg\"  title=\"Jay J\" ><\/div><div class=\"thumbnail-overlay\"><div class=\"rbsTitle \">Jay J<\/div><div class=\"rbsIcons\"><i class=\"fa fa-search rbsZoomIcon \" ><\/i><\/div><\/div><\/div><\/div><div class=\"rbs-img  category1476 \" ><div class=\"rbs-img-image   rbs-lightbox \" ><div class=\"rbs-img-thumbs\"  data-thumbnail=\"https:\/\/www.racoon-arts.de\/wp-content\/uploads\/2020\/02\/DSC9399_BEA_SW_kl-684x1024.jpg\"  title=\"Jay J\"  data-width=\"676\"  data-height=\"1012\" ><\/div><div class=\"rbs-img-data-popup\"  data-popup=\"https:\/\/www.racoon-arts.de\/wp-content\/uploads\/2020\/02\/DSC9399_BEA_SW_kl-scaled.jpg\"  title=\"Jay J\" ><\/div><div class=\"thumbnail-overlay\"><div class=\"rbsTitle \">Jay J<\/div><div class=\"rbsIcons\"><i class=\"fa fa-search rbsZoomIcon \" ><\/i><\/div><\/div><\/div><\/div><div class=\"rbs-img  category1476 \" ><div class=\"rbs-img-image   rbs-lightbox \" ><div class=\"rbs-img-thumbs\"  data-thumbnail=\"https:\/\/www.racoon-arts.de\/wp-content\/uploads\/2020\/02\/DSC9444_BEA_SW_kl-684x1024.jpg\"  title=\"Jay J\"  data-width=\"676\"  data-height=\"1012\" ><\/div><div class=\"rbs-img-data-popup\"  data-popup=\"https:\/\/www.racoon-arts.de\/wp-content\/uploads\/2020\/02\/DSC9444_BEA_SW_kl-scaled.jpg\"  title=\"Jay J\" ><\/div><div class=\"thumbnail-overlay\"><div class=\"rbsTitle \">Jay J<\/div><div class=\"rbsIcons\"><i class=\"fa fa-search rbsZoomIcon \" ><\/i><\/div><\/div><\/div><\/div><div class=\"rbs-img  category1476 \" ><div class=\"rbs-img-image   rbs-lightbox \" ><div class=\"rbs-img-thumbs\"  data-thumbnail=\"https:\/\/www.racoon-arts.de\/wp-content\/uploads\/2020\/02\/DSC9477_BEA_SW_kl-684x1024.jpg\"  title=\"Jay J\"  data-width=\"676\"  data-height=\"1012\" ><\/div><div class=\"rbs-img-data-popup\"  data-popup=\"https:\/\/www.racoon-arts.de\/wp-content\/uploads\/2020\/02\/DSC9477_BEA_SW_kl-scaled.jpg\"  title=\"Jay J\" ><\/div><div class=\"thumbnail-overlay\"><div class=\"rbsTitle \">Jay J<\/div><div class=\"rbsIcons\"><i class=\"fa fa-search rbsZoomIcon \" ><\/i><\/div><\/div><\/div><\/div><div class=\"rbs-img  category1476 \" ><div class=\"rbs-img-image   rbs-lightbox \" ><div class=\"rbs-img-thumbs\"  data-thumbnail=\"https:\/\/www.racoon-arts.de\/wp-content\/uploads\/2020\/02\/DSC9538_BEA_kl-1024x684.jpg\"  title=\"Tim\"  data-width=\"676\"  data-height=\"452\" ><\/div><div class=\"rbs-img-data-popup\"  data-popup=\"https:\/\/www.racoon-arts.de\/wp-content\/uploads\/2020\/02\/DSC9538_BEA_kl-scaled.jpg\"  title=\"Tim\" ><\/div><div class=\"thumbnail-overlay\"><div class=\"rbsTitle \">Tim<\/div><div class=\"rbsIcons\"><i class=\"fa fa-search rbsZoomIcon \" ><\/i><\/div><\/div><\/div><\/div><div class=\"rbs-img  category1476 \" ><div class=\"rbs-img-image   rbs-lightbox \" ><div class=\"rbs-img-thumbs\"  data-thumbnail=\"https:\/\/www.racoon-arts.de\/wp-content\/uploads\/2020\/02\/DSC9603_BEA_2_kl-1024x658.jpg\"  title=\"Tim\"  data-width=\"676\"  data-height=\"434\" ><\/div><div class=\"rbs-img-data-popup\"  data-popup=\"https:\/\/www.racoon-arts.de\/wp-content\/uploads\/2020\/02\/DSC9603_BEA_2_kl-scaled.jpg\"  title=\"Tim\" ><\/div><div class=\"thumbnail-overlay\"><div class=\"rbsTitle \">Tim<\/div><div class=\"rbsIcons\"><i class=\"fa fa-search rbsZoomIcon \" ><\/i><\/div><\/div><\/div><\/div><div class=\"rbs-img  category1476 \" ><div class=\"rbs-img-image   rbs-lightbox \" ><div class=\"rbs-img-thumbs\"  data-thumbnail=\"https:\/\/www.racoon-arts.de\/wp-content\/uploads\/2020\/02\/DSC9645_BEA_SW_kl-1024x683.jpg\"  title=\"Tim\"  data-width=\"676\"  data-height=\"451\" ><\/div><div class=\"rbs-img-data-popup\"  data-popup=\"https:\/\/www.racoon-arts.de\/wp-content\/uploads\/2020\/02\/DSC9645_BEA_SW_kl-scaled.jpg\"  title=\"Tim\" ><\/div><div class=\"thumbnail-overlay\"><div class=\"rbsTitle \">Tim<\/div><div class=\"rbsIcons\"><i class=\"fa fa-search rbsZoomIcon \" ><\/i><\/div><\/div><\/div><\/div><div class=\"rbs-img  category1476 \" ><div class=\"rbs-img-image   rbs-lightbox \" ><div class=\"rbs-img-thumbs\"  data-thumbnail=\"https:\/\/www.racoon-arts.de\/wp-content\/uploads\/2020\/02\/DSC9738_BEA_kl-683x1024.jpg\"  title=\"Tim\"  data-width=\"676\"  data-height=\"1014\" ><\/div><div class=\"rbs-img-data-popup\"  data-popup=\"https:\/\/www.racoon-arts.de\/wp-content\/uploads\/2020\/02\/DSC9738_BEA_kl-scaled.jpg\"  title=\"Tim\" ><\/div><div class=\"thumbnail-overlay\"><div class=\"rbsTitle \">Tim<\/div><div class=\"rbsIcons\"><i class=\"fa fa-search rbsZoomIcon \" ><\/i><\/div><\/div><\/div><\/div><div class=\"rbs-img  category1476 \" ><div class=\"rbs-img-image   rbs-lightbox \" ><div class=\"rbs-img-thumbs\"  data-thumbnail=\"https:\/\/www.racoon-arts.de\/wp-content\/uploads\/2020\/02\/DSC_1432-680x1024.jpg\"  title=\"Chris\"  data-width=\"676\"  data-height=\"1018\" ><\/div><div class=\"rbs-img-data-popup\"  data-popup=\"https:\/\/www.racoon-arts.de\/wp-content\/uploads\/2020\/02\/DSC_1432-scaled.jpg\"  title=\"Chris\" ><\/div><div class=\"thumbnail-overlay\"><div class=\"rbsTitle \">Chris<\/div><div class=\"rbsIcons\"><i class=\"fa fa-search rbsZoomIcon \" ><\/i><\/div><\/div><\/div><\/div><div class=\"rbs-img  category1476 \" ><div class=\"rbs-img-image   rbs-lightbox \" ><div class=\"rbs-img-thumbs\"  data-thumbnail=\"https:\/\/www.racoon-arts.de\/wp-content\/uploads\/2020\/02\/DSC_1515-2-1024x680.jpg\"  title=\"Chris\"  data-width=\"676\"  data-height=\"449\" ><\/div><div class=\"rbs-img-data-popup\"  data-popup=\"https:\/\/www.racoon-arts.de\/wp-content\/uploads\/2020\/02\/DSC_1515-2-scaled.jpg\"  title=\"Chris\" ><\/div><div class=\"thumbnail-overlay\"><div class=\"rbsTitle \">Chris<\/div><div class=\"rbsIcons\"><i class=\"fa fa-search rbsZoomIcon \" ><\/i><\/div><\/div><\/div><\/div><\/div><\/div><\/div><script>var rbs_gallery_69d79f51b0b72 = {\"version\":\"3.2.5\",\"id\":1476,\"class\":\"id1476\",\"roboGalleryDelay\":1000,\"mainContainer\":\"#robo_gallery_main_block_rbs_gallery_69d79f51b0b72\",\"loadingContainer\":\"#rbs_gallery_69d79f51b0b72-block-loader\",\"loadingContainerObj\":\"rbs_gallery_69d79f51b0b72-block-loader\",\"columnWidth\":\"auto\",\"columns\":3,\"resolutions\":[{\"columnWidth\":\"auto\",\"columns\":3,\"maxWidth\":960},{\"columnWidth\":\"auto\",\"columns\":2,\"maxWidth\":650},{\"columnWidth\":\"auto\",\"columns\":1,\"maxWidth\":450}],\"lightboxOptions\":{\"gallery\":{\"enabled\":true,\"tCounter\":\"%curr% of %total%\"}},\"overlayEffect\":\"direction-aware-fade\",\"boxesToLoadStart\":20,\"boxesToLoad\":20,\"waitUntilThumbLoads\":1,\"LoadingWord\":\"Loading...\",\"loadMoreWord\":\"Load More\",\"noMoreEntriesWord\":\"No More Entries\",\"horizontalSpaceBetweenBoxes\":15,\"verticalSpaceBetweenBoxes\":15,\"lazyLoad\":1,\"wrapContainer\":\"#robo-gallery-wrap-rbs_gallery_69d79f51b0b72\",\"filterContainer\":\"#rbs_gallery_69d79f51b0b72filter\",\"loadMoreClass\":\"button-flat button-large \"};<\/script>\n","protected":false},"excerpt":{"rendered":"<p>Bedtime Stories (2014 &#8211; 2017) In meinen Model-Zeiten habe ich mir immer ein Shooting gew\u00fcnscht, welches mich sinnlich, m\u00e4nnlich und erotisch zeigt. Als es dazu kam, war ich von den Ergebnissen begeistert. Die Suche nach dem richtigen Fotografen daf\u00fcr, war nicht einfach. Als ich mich als Fotograf selber fragte, was ich als erstes Projekt angehen [&hellip;]<\/p>\n","protected":false},"author":1,"featured_media":0,"parent":310,"menu_order":3,"comment_status":"closed","ping_status":"closed","template":"template-fullwidth.php","meta":[],"_links":{"self":[{"href":"https:\/\/www.racoon-arts.de\/index.php\/wp-json\/wp\/v2\/pages\/1473"}],"collection":[{"href":"https:\/\/www.racoon-arts.de\/index.php\/wp-json\/wp\/v2\/pages"}],"about":[{"href":"https:\/\/www.racoon-arts.de\/index.php\/wp-json\/wp\/v2\/types\/page"}],"author":[{"embeddable":true,"href":"https:\/\/www.racoon-arts.de\/index.php\/wp-json\/wp\/v2\/users\/1"}],"replies":[{"embeddable":true,"href":"https:\/\/www.racoon-arts.de\/index.php\/wp-json\/wp\/v2\/comments?post=1473"}],"version-history":[{"count":2,"href":"https:\/\/www.racoon-arts.de\/index.php\/wp-json\/wp\/v2\/pages\/1473\/revisions"}],"predecessor-version":[{"id":1511,"href":"https:\/\/www.racoon-arts.de\/index.php\/wp-json\/wp\/v2\/pages\/1473\/revisions\/1511"}],"up":[{"embeddable":true,"href":"https:\/\/www.racoon-arts.de\/index.php\/wp-json\/wp\/v2\/pages\/310"}],"wp:attachment":[{"href":"https:\/\/www.racoon-arts.de\/index.php\/wp-json\/wp\/v2\/media?parent=1473"}],"curies":[{"name":"wp","href":"https:\/\/api.w.org\/{rel}","templated":true}]}}