{"id":1534,"date":"2020-02-05T16:06:45","date_gmt":"2020-02-05T14:06:45","guid":{"rendered":"https:\/\/www.racoon-arts.de\/?page_id=1534"},"modified":"2021-06-13T17:21:22","modified_gmt":"2021-06-13T15:21:22","slug":"paper-head","status":"publish","type":"page","link":"https:\/\/www.racoon-arts.de\/index.php\/series\/paper-head\/","title":{"rendered":"Paper Head"},"content":{"rendered":"\n<h3 style=\"text-align: center;\"><span style=\"color: #000000;\">Paper Heads <br \/><\/span><\/h3>\n<p><span style=\"color: #000000;\">Es fing alles an mit einem Video von One Republic (Rescue me). Darin tr\u00e4gt ein Kind eine 3-Gesichts Poly-Maske, die mich absolut fasziniert hat. Ich habe sowas in der Art gesucht und bin auf Etsy f\u00fcndig geworden. Ich kaufte die Bastelvorlage und startete ein dazugeh\u00f6riges Shooting. Mich hat diese Optik nicht los gelassen und so bin ich auf eine Idee gekommen. Tierk\u00f6pfe + Model + tolle Location = tolle Bilder!<\/span><br \/><span style=\"color: #000000;\">Und so startete ich naiv, 3 Modelle sollte das Projekt umfassen, doch ich konnte nicht aufh\u00f6ren. Das herstellen der Masken war wirklich wahnsinnig zeitaufwenig. Zum Teil habe ich knapp 15 Stunden f\u00fcr einen Kopf gebraucht. Nat\u00fcrlich ging die eine mal schneller, aber daf\u00fcr auch eine andere deutlich langsamer. Ich bin so happy mit der Serie und freue mich sie komplett zeigen zu k\u00f6nnen!<br \/>Danke an die Modelle die sich dazu bereit erkl\u00e4rt haben, mich bei diesem Projekt zu unterst\u00fctzen! <br \/><\/span><\/p>\n<p>\u00a0<\/p>\n<p style=\"text-align: center;\"><style type=\"text\/css\" scoped>.rbs_gallery_69d79f8653173Spinner{\r\n\t\t\t\tmargin: 50px auto;\r\n\t\t\t\twidth: 50px;\r\n\t\t\t\theight: 40px;\r\n\t\t\t\ttext-align: center;\r\n\t\t\t\tfont-size: 10px;\r\n\t\t\t}\r\n\t\t\t.rbs_gallery_69d79f8653173Spinner > div{\r\n\t\t\t  background-color: #333;\r\n\t\t\t  height: 100%;\r\n\t\t\t  width: 6px;\r\n\t\t\t  display: inline-block;\r\n\t\t\t  -webkit-animation: rbs_gallery_69d79f8653173-stretchdelay 1.2s infinite ease-in-out;\r\n\t\t\t  animation: rbs_gallery_69d79f8653173-stretchdelay 1.2s infinite ease-in-out;\r\n\t\t\t}\r\n\t\t\t.rbs_gallery_69d79f8653173Spinner .rbs_gallery_69d79f8653173Rect2 {\r\n\t\t\t  -webkit-animation-delay: -1.1s;\r\n\t\t\t  animation-delay: -1.1s;\r\n\t\t\t}\r\n\t\t\t.rbs_gallery_69d79f8653173Spinner .rbs_gallery_69d79f8653173Rect3 {\r\n\t\t\t  -webkit-animation-delay: -1.0s;\r\n\t\t\t  animation-delay: -1.0s;\r\n\t\t\t}\r\n\t\t\t.rbs_gallery_69d79f8653173Spinner .rbs_gallery_69d79f8653173Rect4 {\r\n\t\t\t  -webkit-animation-delay: -0.9s;\r\n\t\t\t  animation-delay: -0.9s;\r\n\t\t\t}\r\n\t\t\t.rbs_gallery_69d79f8653173Spinner .rbs_gallery_69d79f8653173Rect5 {\r\n\t\t\t  -webkit-animation-delay: -0.8s;\r\n\t\t\t  animation-delay: -0.8s;\r\n\t\t\t}\r\n\t\t\t@-webkit-keyframes rbs_gallery_69d79f8653173-stretchdelay {\r\n\t\t\t  0%, 40%, 100% { -webkit-transform: scaleY(0.4) }  \r\n\t\t\t  20% { -webkit-transform: scaleY(1.0) }\r\n\t\t\t}\r\n\t\t\t@keyframes rbs_gallery_69d79f8653173-stretchdelay {\r\n\t\t\t  0%, 40%, 100% { \r\n\t\t\t    transform: scaleY(0.4);\r\n\t\t\t    -webkit-transform: scaleY(0.4);\r\n\t\t\t  }  20% { \r\n\t\t\t    transform: scaleY(1.0);\r\n\t\t\t    -webkit-transform: scaleY(1.0);\r\n\t\t\t  }\r\n\t\t\t}\r\n\t\t<\/style><div class=\"robo-gallery-wrap robo-gallery-wrap-id1538 robo-gallery-\" ><div id=\"rbs_gallery_69d79f8653173-block-loader\" class=\"rbs_gallery_69d79f8653173Spinner\"><div class=\"rbs_gallery_69d79f8653173Rect1\"><\/div> <div class=\"rbs_gallery_69d79f8653173Rect2\"><\/div> <div class=\"rbs_gallery_69d79f8653173Rect3\"><\/div> <div class=\"rbs_gallery_69d79f8653173Rect4\"><\/div> <div class=\"rbs_gallery_69d79f8653173Rect5\"><\/div><\/div><div class=\"rbs_gallery_button  rbs_gallery_align_center\" id=\"rbs_gallery_69d79f8653173filter\" style=\" display: none;\" ><a class=\"button button-flat button-large  \" href=\"#\" data-filter=\".category1538\">paper heads - gallerie<\/a><\/div><div id=\"robo_gallery_main_block_rbs_gallery_69d79f8653173\" class=\"robogallery-gallery-1538\" style=\"width:100%;  display: none;\"><div id=\"rbs_gallery_69d79f8653173\" data-options=\"rbs_gallery_69d79f8653173\" style=\"width:100%;\" class=\"robo_gallery  \"><div class=\"rbs-img  category1538 \" ><div class=\"rbs-img-image   rbs-lightbox \" ><div class=\"rbs-img-thumbs\"  data-thumbnail=\"https:\/\/www.racoon-arts.de\/wp-content\/uploads\/2020\/02\/DSC_7458_BEA_kl-684x1024.jpg\"  title=\"Panda 1\"  data-width=\"676\"  data-height=\"1012\" ><\/div><div class=\"rbs-img-data-popup\"  data-popup=\"https:\/\/www.racoon-arts.de\/wp-content\/uploads\/2020\/02\/DSC_7458_BEA_kl-scaled.jpg\"  title=\"Panda 1\" ><\/div><div class=\"thumbnail-overlay\"><div class=\"rbsTitle \">Panda 1<\/div><div class=\"rbsIcons\"><i class=\"fa fa-search rbsZoomIcon \" ><\/i><\/div><\/div><\/div><\/div><div class=\"rbs-img  category1538 \" ><div class=\"rbs-img-image   rbs-lightbox \" ><div class=\"rbs-img-thumbs\"  data-thumbnail=\"https:\/\/www.racoon-arts.de\/wp-content\/uploads\/2020\/02\/DSC_7451_BEA_kl-684x1024.jpg\"  title=\"Panda 2\"  data-width=\"676\"  data-height=\"1012\" ><\/div><div class=\"rbs-img-data-popup\"  data-popup=\"https:\/\/www.racoon-arts.de\/wp-content\/uploads\/2020\/02\/DSC_7451_BEA_kl-scaled.jpg\"  title=\"Panda 2\" ><\/div><div class=\"thumbnail-overlay\"><div class=\"rbsTitle \">Panda 2<\/div><div class=\"rbsIcons\"><i class=\"fa fa-search rbsZoomIcon \" ><\/i><\/div><\/div><\/div><\/div><div class=\"rbs-img  category1538 \" ><div class=\"rbs-img-image   rbs-lightbox \" ><div class=\"rbs-img-thumbs\"  data-thumbnail=\"https:\/\/www.racoon-arts.de\/wp-content\/uploads\/2020\/02\/DSC_0963_BEA_kl-684x1024.jpg\"  title=\"Nashorn 1\"  data-width=\"676\"  data-height=\"1012\" ><\/div><div class=\"rbs-img-data-popup\"  data-popup=\"https:\/\/www.racoon-arts.de\/wp-content\/uploads\/2020\/02\/DSC_0963_BEA_kl-scaled.jpg\"  title=\"Nashorn 1\" ><\/div><div class=\"thumbnail-overlay\"><div class=\"rbsTitle \">Nashorn 1<\/div><div class=\"rbsIcons\"><i class=\"fa fa-search rbsZoomIcon \" ><\/i><\/div><\/div><\/div><\/div><div class=\"rbs-img  category1538 \" ><div class=\"rbs-img-image   rbs-lightbox \" ><div class=\"rbs-img-thumbs\"  data-thumbnail=\"https:\/\/www.racoon-arts.de\/wp-content\/uploads\/2020\/02\/DSC_0860_BEA_kl-683x1024.jpg\"  title=\"Nashorn 2\"  data-width=\"676\"  data-height=\"1014\" ><\/div><div class=\"rbs-img-data-popup\"  data-popup=\"https:\/\/www.racoon-arts.de\/wp-content\/uploads\/2020\/02\/DSC_0860_BEA_kl-scaled.jpg\"  title=\"Nashorn 2\" ><\/div><div class=\"thumbnail-overlay\"><div class=\"rbsTitle \">Nashorn 2<\/div><div class=\"rbsIcons\"><i class=\"fa fa-search rbsZoomIcon \" ><\/i><\/div><\/div><\/div><\/div><div class=\"rbs-img  category1538 \" ><div class=\"rbs-img-image   rbs-lightbox \" ><div class=\"rbs-img-thumbs\"  data-thumbnail=\"https:\/\/www.racoon-arts.de\/wp-content\/uploads\/2020\/02\/DSC_7494_BEA_kl-684x1024.jpg\"  title=\"Fuchs 1\"  data-width=\"676\"  data-height=\"1012\" ><\/div><div class=\"rbs-img-data-popup\"  data-popup=\"https:\/\/www.racoon-arts.de\/wp-content\/uploads\/2020\/02\/DSC_7494_BEA_kl-scaled.jpg\"  title=\"Fuchs 1\" ><\/div><div class=\"thumbnail-overlay\"><div class=\"rbsTitle \">Fuchs 1<\/div><div class=\"rbsIcons\"><i class=\"fa fa-search rbsZoomIcon \" ><\/i><\/div><\/div><\/div><\/div><div class=\"rbs-img  category1538 \" ><div class=\"rbs-img-image   rbs-lightbox \" ><div class=\"rbs-img-thumbs\"  data-thumbnail=\"https:\/\/www.racoon-arts.de\/wp-content\/uploads\/2020\/02\/DSC_7586_BEA_kl-684x1024.jpg\"  title=\"Fuchs 2\"  data-width=\"676\"  data-height=\"1012\" ><\/div><div class=\"rbs-img-data-popup\"  data-popup=\"https:\/\/www.racoon-arts.de\/wp-content\/uploads\/2020\/02\/DSC_7586_BEA_kl-scaled.jpg\"  title=\"Fuchs 2\" ><\/div><div class=\"thumbnail-overlay\"><div class=\"rbsTitle \">Fuchs 2<\/div><div class=\"rbsIcons\"><i class=\"fa fa-search rbsZoomIcon \" ><\/i><\/div><\/div><\/div><\/div><div class=\"rbs-img  category1538 \" ><div class=\"rbs-img-image   rbs-lightbox \" ><div class=\"rbs-img-thumbs\"  data-thumbnail=\"https:\/\/www.racoon-arts.de\/wp-content\/uploads\/2020\/06\/DSC_1199_BEA_kl-684x1024.jpg\"  title=\"Bison 2\"  data-width=\"676\"  data-height=\"1012\" ><\/div><div class=\"rbs-img-data-popup\"  data-popup=\"https:\/\/www.racoon-arts.de\/wp-content\/uploads\/2020\/06\/DSC_1199_BEA_kl-scaled.jpg\"  title=\"Bison 2\" ><\/div><div class=\"thumbnail-overlay\"><div class=\"rbsTitle \">Bison 2<\/div><div class=\"rbsIcons\"><i class=\"fa fa-search rbsZoomIcon \" ><\/i><\/div><\/div><\/div><\/div><div class=\"rbs-img  category1538 \" ><div class=\"rbs-img-image   rbs-lightbox \" ><div class=\"rbs-img-thumbs\"  data-thumbnail=\"https:\/\/www.racoon-arts.de\/wp-content\/uploads\/2020\/06\/DSC_1105_BEA_kl-684x1024.jpg\"  title=\"Bison 1\"  data-width=\"676\"  data-height=\"1012\" ><\/div><div class=\"rbs-img-data-popup\"  data-popup=\"https:\/\/www.racoon-arts.de\/wp-content\/uploads\/2020\/06\/DSC_1105_BEA_kl-scaled.jpg\"  title=\"Bison 1\" ><\/div><div class=\"thumbnail-overlay\"><div class=\"rbsTitle \">Bison 1<\/div><div class=\"rbsIcons\"><i class=\"fa fa-search rbsZoomIcon \" ><\/i><\/div><\/div><\/div><\/div><div class=\"rbs-img  category1538 \" ><div class=\"rbs-img-image   rbs-lightbox \" ><div class=\"rbs-img-thumbs\"  data-thumbnail=\"https:\/\/www.racoon-arts.de\/wp-content\/uploads\/2021\/06\/DSC_7688_BEA_kl-684x1024.jpg\"  title=\"Koala 2\"  data-width=\"676\"  data-height=\"1012\" ><\/div><div class=\"rbs-img-data-popup\"  data-popup=\"https:\/\/www.racoon-arts.de\/wp-content\/uploads\/2021\/06\/DSC_7688_BEA_kl-scaled.jpg\"  title=\"Koala 2\" ><\/div><div class=\"thumbnail-overlay\"><div class=\"rbsTitle \">Koala 2<\/div><div class=\"rbsIcons\"><i class=\"fa fa-search rbsZoomIcon \" ><\/i><\/div><\/div><\/div><\/div><div class=\"rbs-img  category1538 \" ><div class=\"rbs-img-image   rbs-lightbox \" ><div class=\"rbs-img-thumbs\"  data-thumbnail=\"https:\/\/www.racoon-arts.de\/wp-content\/uploads\/2021\/06\/DSC_7432_BEA_kl-684x1024.jpg\"  title=\"Koala 1\"  data-width=\"676\"  data-height=\"1012\" ><\/div><div class=\"rbs-img-data-popup\"  data-popup=\"https:\/\/www.racoon-arts.de\/wp-content\/uploads\/2021\/06\/DSC_7432_BEA_kl-scaled.jpg\"  title=\"Koala 1\" ><\/div><div class=\"thumbnail-overlay\"><div class=\"rbsTitle \">Koala 1<\/div><div class=\"rbsIcons\"><i class=\"fa fa-search rbsZoomIcon \" ><\/i><\/div><\/div><\/div><\/div><div class=\"rbs-img  category1538 \" ><div class=\"rbs-img-image   rbs-lightbox \" ><div class=\"rbs-img-thumbs\"  data-thumbnail=\"https:\/\/www.racoon-arts.de\/wp-content\/uploads\/2021\/06\/DSC_0745_BEA_kl-684x1024.jpg\"  title=\"Nashorn 3\"  data-width=\"676\"  data-height=\"1012\" ><\/div><div class=\"rbs-img-data-popup\"  data-popup=\"https:\/\/www.racoon-arts.de\/wp-content\/uploads\/2021\/06\/DSC_0745_BEA_kl-scaled.jpg\"  title=\"Nashorn 3\" ><\/div><div class=\"thumbnail-overlay\"><div class=\"rbsTitle \">Nashorn 3<\/div><div class=\"rbsIcons\"><i class=\"fa fa-search rbsZoomIcon \" ><\/i><\/div><\/div><\/div><\/div><div class=\"rbs-img  category1538 \" ><div class=\"rbs-img-image   rbs-lightbox \" ><div class=\"rbs-img-thumbs\"  data-thumbnail=\"https:\/\/www.racoon-arts.de\/wp-content\/uploads\/2021\/06\/DSC_0760_BEA_kl-684x1024.jpg\"  title=\"Nashorn 4\"  data-width=\"676\"  data-height=\"1012\" ><\/div><div class=\"rbs-img-data-popup\"  data-popup=\"https:\/\/www.racoon-arts.de\/wp-content\/uploads\/2021\/06\/DSC_0760_BEA_kl-scaled.jpg\"  title=\"Nashorn 4\" ><\/div><div class=\"thumbnail-overlay\"><div class=\"rbsTitle \">Nashorn 4<\/div><div class=\"rbsIcons\"><i class=\"fa fa-search rbsZoomIcon \" ><\/i><\/div><\/div><\/div><\/div><div class=\"rbs-img  category1538 \" ><div class=\"rbs-img-image   rbs-lightbox \" ><div class=\"rbs-img-thumbs\"  data-thumbnail=\"https:\/\/www.racoon-arts.de\/wp-content\/uploads\/2020\/06\/DSC_1432_BEA_kl-684x1024.jpg\"  title=\"Kakado 2\"  data-width=\"676\"  data-height=\"1012\" ><\/div><div class=\"rbs-img-data-popup\"  data-popup=\"https:\/\/www.racoon-arts.de\/wp-content\/uploads\/2020\/06\/DSC_1432_BEA_kl-scaled.jpg\"  title=\"Kakado 2\" ><\/div><div class=\"thumbnail-overlay\"><div class=\"rbsTitle \">Kakado 2<\/div><div class=\"rbsIcons\"><i class=\"fa fa-search rbsZoomIcon \" ><\/i><\/div><\/div><\/div><\/div><div class=\"rbs-img  category1538 \" ><div class=\"rbs-img-image   rbs-lightbox \" ><div class=\"rbs-img-thumbs\"  data-thumbnail=\"https:\/\/www.racoon-arts.de\/wp-content\/uploads\/2020\/06\/DSC_1407_BEA_kl-684x1024.jpg\"  title=\"Kakado 1\"  data-width=\"676\"  data-height=\"1012\" ><\/div><div class=\"rbs-img-data-popup\"  data-popup=\"https:\/\/www.racoon-arts.de\/wp-content\/uploads\/2020\/06\/DSC_1407_BEA_kl-scaled.jpg\"  title=\"Kakado 1\" ><\/div><div class=\"thumbnail-overlay\"><div class=\"rbsTitle \">Kakado 1<\/div><div class=\"rbsIcons\"><i class=\"fa fa-search rbsZoomIcon \" ><\/i><\/div><\/div><\/div><\/div><\/div><\/div><\/div><script>var rbs_gallery_69d79f8653173 = {\"version\":\"3.2.5\",\"id\":1538,\"class\":\"id1538\",\"roboGalleryDelay\":1000,\"mainContainer\":\"#robo_gallery_main_block_rbs_gallery_69d79f8653173\",\"loadingContainer\":\"#rbs_gallery_69d79f8653173-block-loader\",\"loadingContainerObj\":\"rbs_gallery_69d79f8653173-block-loader\",\"columnWidth\":\"auto\",\"columns\":3,\"resolutions\":[{\"columnWidth\":\"auto\",\"columns\":3,\"maxWidth\":960},{\"columnWidth\":\"auto\",\"columns\":2,\"maxWidth\":650},{\"columnWidth\":\"auto\",\"columns\":1,\"maxWidth\":450}],\"lightboxOptions\":{\"gallery\":{\"enabled\":true,\"tCounter\":\"%curr% of %total%\"}},\"overlayEffect\":\"direction-aware-fade\",\"boxesToLoadStart\":20,\"boxesToLoad\":20,\"waitUntilThumbLoads\":1,\"LoadingWord\":\"Loading...\",\"loadMoreWord\":\"Load More\",\"noMoreEntriesWord\":\"No More Entries\",\"horizontalSpaceBetweenBoxes\":15,\"verticalSpaceBetweenBoxes\":15,\"lazyLoad\":1,\"wrapContainer\":\"#robo-gallery-wrap-rbs_gallery_69d79f8653173\",\"filterContainer\":\"#rbs_gallery_69d79f8653173filter\",\"loadMoreClass\":\"button-flat button-large \"};<\/script>\n","protected":false},"excerpt":{"rendered":"<p>Paper Heads Es fing alles an mit einem Video von One Republic (Rescue me). Darin tr\u00e4gt ein Kind eine 3-Gesichts Poly-Maske, die mich absolut fasziniert hat. Ich habe sowas in der Art gesucht und bin auf Etsy f\u00fcndig geworden. Ich kaufte die Bastelvorlage und startete ein dazugeh\u00f6riges Shooting. Mich hat diese Optik nicht los gelassen [&hellip;]<\/p>\n","protected":false},"author":1,"featured_media":0,"parent":310,"menu_order":1,"comment_status":"closed","ping_status":"closed","template":"template-fullwidth.php","meta":[],"_links":{"self":[{"href":"https:\/\/www.racoon-arts.de\/index.php\/wp-json\/wp\/v2\/pages\/1534"}],"collection":[{"href":"https:\/\/www.racoon-arts.de\/index.php\/wp-json\/wp\/v2\/pages"}],"about":[{"href":"https:\/\/www.racoon-arts.de\/index.php\/wp-json\/wp\/v2\/types\/page"}],"author":[{"embeddable":true,"href":"https:\/\/www.racoon-arts.de\/index.php\/wp-json\/wp\/v2\/users\/1"}],"replies":[{"embeddable":true,"href":"https:\/\/www.racoon-arts.de\/index.php\/wp-json\/wp\/v2\/comments?post=1534"}],"version-history":[{"count":4,"href":"https:\/\/www.racoon-arts.de\/index.php\/wp-json\/wp\/v2\/pages\/1534\/revisions"}],"predecessor-version":[{"id":1574,"href":"https:\/\/www.racoon-arts.de\/index.php\/wp-json\/wp\/v2\/pages\/1534\/revisions\/1574"}],"up":[{"embeddable":true,"href":"https:\/\/www.racoon-arts.de\/index.php\/wp-json\/wp\/v2\/pages\/310"}],"wp:attachment":[{"href":"https:\/\/www.racoon-arts.de\/index.php\/wp-json\/wp\/v2\/media?parent=1534"}],"curies":[{"name":"wp","href":"https:\/\/api.w.org\/{rel}","templated":true}]}}