{"id":1584,"date":"2021-06-13T17:56:11","date_gmt":"2021-06-13T15:56:11","guid":{"rendered":"https:\/\/www.racoon-arts.de\/?page_id=1584"},"modified":"2021-06-14T05:56:34","modified_gmt":"2021-06-14T03:56:34","slug":"crowns","status":"publish","type":"page","link":"https:\/\/www.racoon-arts.de\/index.php\/series\/crowns\/","title":{"rendered":"Crowns"},"content":{"rendered":"\n<h3 style=\"text-align: center;\">Crowns<\/h3>\n<p>Wir schreiben das Jahr 2020 &#8211; im Fr\u00fchjahr erlebten wir alle eine Situation die uns fremd war. Eine Pandemie &#8211; keiner wei\u00df was passiert, wie es sich entwickeln wird und wie wir uns verhalten sollen. F\u00fcr viele Berufszweige hie\u00df es ab M\u00e4rz 2020 das wir nicht mehr arbeiten k\u00f6nnen. Darunter z\u00e4hlten auch Fotografen. Auch in meinem eigentlichen Beruf hie\u00df es, dass das Instrument Kurzarbeit genutzt werde musste. Raum f\u00fcr Kreativit\u00e4t?<br \/>Zuhause sa\u00df ich mit vielen Fragezeichen in meinem Kopf. Diese Situation war so surreal. Ich muss ganz ehrlich sagen, dass ich zum Teil nicht wusste wohin mit mir &#8211; und dann r\u00e4umte ich in meinem Homestudio um, denn ich habe mir meinen Homeoffice-Arbeitsplatz neu eingerichtet. Dabei viel mir eine Krone in die H\u00e4nde, die wir f\u00fcr Fasching (2020) gebastelt haben. Ich habe die Augen geschlossen und mir gesagt, dass das eine wundervolle Fantasiewelt ist. Unterwasser-K\u00f6nigreiche, mystische Welten &#8211; es war ja mittlerweile auch im Jetzt und Hier surreal geworden. In dem Moment hat es in meinem Kopf wieder einmal zuviel geklickt. &#8211; Ich sah es regelrecht vor mir &#8211; 5 Kronen, 5 unterschiedliche Welten. Egal ob dunkel, mystisch, m\u00e4rchenhaft, bizzar oder fashion-like. <br \/>Wie auch bei den Paper Heads habe ich die Kronen selber gebastelt und kreiert. Logischerweise waren auch wieder Brandblasen, blutige oder schwarzgef\u00e4rbte H\u00e4nde ein gro\u00dfer Bestandteil. Die gesamte Pandemie &#8211; die nun langsam im Sommer 2021 ausklingt, habe ich an dem Projekt gearbeitet. Ich habe hier auch die M\u00f6glichkeit genutzt mein FX-Make Up Skillset (Medusa) zu nutzen und die dazu geh\u00f6rigen Gesichtsprotesen selbst geformt und gef\u00e4rbt. Ich blicke auf soviel Spa\u00df, Spannung und Stolz auf diese Arbeiten &#8211; nun kann ich sie auch final pr\u00e4sentieren. <br \/>Auch hier gilt ein riesen Dank an meine Models, die einen wundervollen Job gemacht haben. Ihr wart gro\u00dfartig!<br \/><br \/>Auch ein riesen Dank an das Medusa-Foto Team &#8211; Marika und Rico, ihr bleibt einfach die besten und wertvollsten Menschen in meinem Leben, ich liebe euch \u00fcber alles!<\/p>\n<p>\u00a0<\/p>\n<p style=\"text-align: center;\"><style type=\"text\/css\" scoped>.rbs_gallery_69d79f8663ae3Spinner{\r\n\t\t\t\tmargin: 50px auto;\r\n\t\t\t\twidth: 50px;\r\n\t\t\t\theight: 40px;\r\n\t\t\t\ttext-align: center;\r\n\t\t\t\tfont-size: 10px;\r\n\t\t\t}\r\n\t\t\t.rbs_gallery_69d79f8663ae3Spinner > div{\r\n\t\t\t  background-color: #333;\r\n\t\t\t  height: 100%;\r\n\t\t\t  width: 6px;\r\n\t\t\t  display: inline-block;\r\n\t\t\t  -webkit-animation: rbs_gallery_69d79f8663ae3-stretchdelay 1.2s infinite ease-in-out;\r\n\t\t\t  animation: rbs_gallery_69d79f8663ae3-stretchdelay 1.2s infinite ease-in-out;\r\n\t\t\t}\r\n\t\t\t.rbs_gallery_69d79f8663ae3Spinner .rbs_gallery_69d79f8663ae3Rect2 {\r\n\t\t\t  -webkit-animation-delay: -1.1s;\r\n\t\t\t  animation-delay: -1.1s;\r\n\t\t\t}\r\n\t\t\t.rbs_gallery_69d79f8663ae3Spinner .rbs_gallery_69d79f8663ae3Rect3 {\r\n\t\t\t  -webkit-animation-delay: -1.0s;\r\n\t\t\t  animation-delay: -1.0s;\r\n\t\t\t}\r\n\t\t\t.rbs_gallery_69d79f8663ae3Spinner .rbs_gallery_69d79f8663ae3Rect4 {\r\n\t\t\t  -webkit-animation-delay: -0.9s;\r\n\t\t\t  animation-delay: -0.9s;\r\n\t\t\t}\r\n\t\t\t.rbs_gallery_69d79f8663ae3Spinner .rbs_gallery_69d79f8663ae3Rect5 {\r\n\t\t\t  -webkit-animation-delay: -0.8s;\r\n\t\t\t  animation-delay: -0.8s;\r\n\t\t\t}\r\n\t\t\t@-webkit-keyframes rbs_gallery_69d79f8663ae3-stretchdelay {\r\n\t\t\t  0%, 40%, 100% { -webkit-transform: scaleY(0.4) }  \r\n\t\t\t  20% { -webkit-transform: scaleY(1.0) }\r\n\t\t\t}\r\n\t\t\t@keyframes rbs_gallery_69d79f8663ae3-stretchdelay {\r\n\t\t\t  0%, 40%, 100% { \r\n\t\t\t    transform: scaleY(0.4);\r\n\t\t\t    -webkit-transform: scaleY(0.4);\r\n\t\t\t  }  20% { \r\n\t\t\t    transform: scaleY(1.0);\r\n\t\t\t    -webkit-transform: scaleY(1.0);\r\n\t\t\t  }\r\n\t\t\t}\r\n\t\t<\/style><div class=\"robo-gallery-wrap robo-gallery-wrap-id1587 robo-gallery-\" ><div id=\"rbs_gallery_69d79f8663ae3-block-loader\" class=\"rbs_gallery_69d79f8663ae3Spinner\"><div class=\"rbs_gallery_69d79f8663ae3Rect1\"><\/div> <div class=\"rbs_gallery_69d79f8663ae3Rect2\"><\/div> <div class=\"rbs_gallery_69d79f8663ae3Rect3\"><\/div> <div class=\"rbs_gallery_69d79f8663ae3Rect4\"><\/div> <div class=\"rbs_gallery_69d79f8663ae3Rect5\"><\/div><\/div><div class=\"rbs_gallery_button  rbs_gallery_align_center\" id=\"rbs_gallery_69d79f8663ae3filter\" style=\" display: none;\" ><a class=\"button button-flat button-large  \" href=\"#\" data-filter=\".category1587\">crowns<\/a><\/div><div id=\"robo_gallery_main_block_rbs_gallery_69d79f8663ae3\" class=\"robogallery-gallery-1587\" style=\"width:100%;  display: none;\"><div id=\"rbs_gallery_69d79f8663ae3\" data-options=\"rbs_gallery_69d79f8663ae3\" style=\"width:100%;\" class=\"robo_gallery  \"><div class=\"rbs-img  category1587 \" ><div class=\"rbs-img-image   rbs-lightbox \" ><div class=\"rbs-img-thumbs\"  data-thumbnail=\"https:\/\/www.racoon-arts.de\/wp-content\/uploads\/2021\/06\/DSC_0386_BEA_kl-684x1024.jpg\"  title=\"Dark King\"  data-width=\"676\"  data-height=\"1012\" ><\/div><div class=\"rbs-img-data-popup\"  data-popup=\"https:\/\/www.racoon-arts.de\/wp-content\/uploads\/2021\/06\/DSC_0386_BEA_kl-scaled.jpg\"  title=\"Dark King\" ><\/div><div class=\"thumbnail-overlay\"><div class=\"rbsTitle \">Dark King<\/div><div class=\"rbsIcons\"><i class=\"fa fa-search rbsZoomIcon \" ><\/i><\/div><\/div><\/div><\/div><div class=\"rbs-img  category1587 \" ><div class=\"rbs-img-image   rbs-lightbox \" ><div class=\"rbs-img-thumbs\"  data-thumbnail=\"https:\/\/www.racoon-arts.de\/wp-content\/uploads\/2021\/06\/DSC_0528_BEA_kl-684x1024.jpg\"  title=\"Dark King\"  data-width=\"676\"  data-height=\"1012\" ><\/div><div class=\"rbs-img-data-popup\"  data-popup=\"https:\/\/www.racoon-arts.de\/wp-content\/uploads\/2021\/06\/DSC_0528_BEA_kl-scaled.jpg\"  title=\"Dark King\" ><\/div><div class=\"thumbnail-overlay\"><div class=\"rbsTitle \">Dark King<\/div><div class=\"rbsIcons\"><i class=\"fa fa-search rbsZoomIcon \" ><\/i><\/div><\/div><\/div><\/div><div class=\"rbs-img  category1587 \" ><div class=\"rbs-img-image   rbs-lightbox \" ><div class=\"rbs-img-thumbs\"  data-thumbnail=\"https:\/\/www.racoon-arts.de\/wp-content\/uploads\/2021\/06\/DSC_0462_BEA_kl-684x1024.jpg\"  title=\"Dark King\"  data-width=\"676\"  data-height=\"1012\" ><\/div><div class=\"rbs-img-data-popup\"  data-popup=\"https:\/\/www.racoon-arts.de\/wp-content\/uploads\/2021\/06\/DSC_0462_BEA_kl-scaled.jpg\"  title=\"Dark King\" ><\/div><div class=\"thumbnail-overlay\"><div class=\"rbsTitle \">Dark King<\/div><div class=\"rbsIcons\"><i class=\"fa fa-search rbsZoomIcon \" ><\/i><\/div><\/div><\/div><\/div><div class=\"rbs-img  category1587 \" ><div class=\"rbs-img-image   rbs-lightbox \" ><div class=\"rbs-img-thumbs\"  data-thumbnail=\"https:\/\/www.racoon-arts.de\/wp-content\/uploads\/2021\/06\/DSC_4142_BEA_kl-683x1024.jpg\"  title=\"Medusa\"  data-width=\"676\"  data-height=\"1014\" ><\/div><div class=\"rbs-img-data-popup\"  data-popup=\"https:\/\/www.racoon-arts.de\/wp-content\/uploads\/2021\/06\/DSC_4142_BEA_kl-scaled.jpg\"  title=\"Medusa\" ><\/div><div class=\"thumbnail-overlay\"><div class=\"rbsTitle \">Medusa<\/div><div class=\"rbsIcons\"><i class=\"fa fa-search rbsZoomIcon \" ><\/i><\/div><\/div><\/div><\/div><div class=\"rbs-img  category1587 \" ><div class=\"rbs-img-image   rbs-lightbox \" ><div class=\"rbs-img-thumbs\"  data-thumbnail=\"https:\/\/www.racoon-arts.de\/wp-content\/uploads\/2021\/06\/DSC_4108_BEA_kl-684x1024.jpg\"  title=\"Medusa\"  data-width=\"676\"  data-height=\"1012\" ><\/div><div class=\"rbs-img-data-popup\"  data-popup=\"https:\/\/www.racoon-arts.de\/wp-content\/uploads\/2021\/06\/DSC_4108_BEA_kl-scaled.jpg\"  title=\"Medusa\" ><\/div><div class=\"thumbnail-overlay\"><div class=\"rbsTitle \">Medusa<\/div><div class=\"rbsIcons\"><i class=\"fa fa-search rbsZoomIcon \" ><\/i><\/div><\/div><\/div><\/div><div class=\"rbs-img  category1587 \" ><div class=\"rbs-img-image   rbs-lightbox \" ><div class=\"rbs-img-thumbs\"  data-thumbnail=\"https:\/\/www.racoon-arts.de\/wp-content\/uploads\/2021\/06\/DSC_4070_BEA_kl-684x1024.jpg\"  title=\"Medusa\"  data-width=\"676\"  data-height=\"1012\" ><\/div><div class=\"rbs-img-data-popup\"  data-popup=\"https:\/\/www.racoon-arts.de\/wp-content\/uploads\/2021\/06\/DSC_4070_BEA_kl-scaled.jpg\"  title=\"Medusa\" ><\/div><div class=\"thumbnail-overlay\"><div class=\"rbsTitle \">Medusa<\/div><div class=\"rbsIcons\"><i class=\"fa fa-search rbsZoomIcon \" ><\/i><\/div><\/div><\/div><\/div><div class=\"rbs-img  category1587 \" ><div class=\"rbs-img-image   rbs-lightbox \" ><div class=\"rbs-img-thumbs\"  data-thumbnail=\"https:\/\/www.racoon-arts.de\/wp-content\/uploads\/2021\/06\/DSC_9038_BEA_kl-684x1024.jpg\"  title=\"King of Mermaids\"  data-width=\"676\"  data-height=\"1012\" ><\/div><div class=\"rbs-img-data-popup\"  data-popup=\"https:\/\/www.racoon-arts.de\/wp-content\/uploads\/2021\/06\/DSC_9038_BEA_kl-scaled.jpg\"  title=\"King of Mermaids\" ><\/div><div class=\"thumbnail-overlay\"><div class=\"rbsTitle \">King of Mermaids<\/div><div class=\"rbsIcons\"><i class=\"fa fa-search rbsZoomIcon \" ><\/i><\/div><\/div><\/div><\/div><div class=\"rbs-img  category1587 \" ><div class=\"rbs-img-image   rbs-lightbox \" ><div class=\"rbs-img-thumbs\"  data-thumbnail=\"https:\/\/www.racoon-arts.de\/wp-content\/uploads\/2021\/06\/DSC_9023_BEA_kl-684x1024.jpg\"  title=\"King of Mermaids\"  data-width=\"676\"  data-height=\"1012\" ><\/div><div class=\"rbs-img-data-popup\"  data-popup=\"https:\/\/www.racoon-arts.de\/wp-content\/uploads\/2021\/06\/DSC_9023_BEA_kl-scaled.jpg\"  title=\"King of Mermaids\" ><\/div><div class=\"thumbnail-overlay\"><div class=\"rbsTitle \">King of Mermaids<\/div><div class=\"rbsIcons\"><i class=\"fa fa-search rbsZoomIcon \" ><\/i><\/div><\/div><\/div><\/div><div class=\"rbs-img  category1587 \" ><div class=\"rbs-img-image   rbs-lightbox \" ><div class=\"rbs-img-thumbs\"  data-thumbnail=\"https:\/\/www.racoon-arts.de\/wp-content\/uploads\/2021\/06\/DSC_8989_BEA_kl-684x1024.jpg\"  title=\"King of Mermaids\"  data-width=\"676\"  data-height=\"1012\" ><\/div><div class=\"rbs-img-data-popup\"  data-popup=\"https:\/\/www.racoon-arts.de\/wp-content\/uploads\/2021\/06\/DSC_8989_BEA_kl-scaled.jpg\"  title=\"King of Mermaids\" ><\/div><div class=\"thumbnail-overlay\"><div class=\"rbsTitle \">King of Mermaids<\/div><div class=\"rbsIcons\"><i class=\"fa fa-search rbsZoomIcon \" ><\/i><\/div><\/div><\/div><\/div><div class=\"rbs-img  category1587 \" ><div class=\"rbs-img-image   rbs-lightbox \" ><div class=\"rbs-img-thumbs\"  data-thumbnail=\"https:\/\/www.racoon-arts.de\/wp-content\/uploads\/2021\/06\/DSC_1969_BEA_kl-683x1024.jpg\"  title=\"King of Bogs\"  data-width=\"676\"  data-height=\"1014\" ><\/div><div class=\"rbs-img-data-popup\"  data-popup=\"https:\/\/www.racoon-arts.de\/wp-content\/uploads\/2021\/06\/DSC_1969_BEA_kl-scaled.jpg\"  title=\"King of Bogs\" ><\/div><div class=\"thumbnail-overlay\"><div class=\"rbsTitle \">King of Bogs<\/div><div class=\"rbsIcons\"><i class=\"fa fa-search rbsZoomIcon \" ><\/i><\/div><\/div><\/div><\/div><div class=\"rbs-img  category1587 \" ><div class=\"rbs-img-image   rbs-lightbox \" ><div class=\"rbs-img-thumbs\"  data-thumbnail=\"https:\/\/www.racoon-arts.de\/wp-content\/uploads\/2021\/06\/DSC_1990_BEA_kl-684x1024.jpg\"  title=\"King of Bogs\"  data-width=\"676\"  data-height=\"1012\" ><\/div><div class=\"rbs-img-data-popup\"  data-popup=\"https:\/\/www.racoon-arts.de\/wp-content\/uploads\/2021\/06\/DSC_1990_BEA_kl-scaled.jpg\"  title=\"King of Bogs\" ><\/div><div class=\"thumbnail-overlay\"><div class=\"rbsTitle \">King of Bogs<\/div><div class=\"rbsIcons\"><i class=\"fa fa-search rbsZoomIcon \" ><\/i><\/div><\/div><\/div><\/div><div class=\"rbs-img  category1587 \" ><div class=\"rbs-img-image   rbs-lightbox \" ><div class=\"rbs-img-thumbs\"  data-thumbnail=\"https:\/\/www.racoon-arts.de\/wp-content\/uploads\/2021\/06\/DSC_2014_BEA_kl-684x1024.jpg\"  title=\"King of Bogs\"  data-width=\"676\"  data-height=\"1012\" ><\/div><div class=\"rbs-img-data-popup\"  data-popup=\"https:\/\/www.racoon-arts.de\/wp-content\/uploads\/2021\/06\/DSC_2014_BEA_kl-scaled.jpg\"  title=\"King of Bogs\" ><\/div><div class=\"thumbnail-overlay\"><div class=\"rbsTitle \">King of Bogs<\/div><div class=\"rbsIcons\"><i class=\"fa fa-search rbsZoomIcon \" ><\/i><\/div><\/div><\/div><\/div><div class=\"rbs-img  category1587 \"  data-columns=\"1\" ><div class=\"rbs-img-image   rbs-lightbox \" ><div class=\"rbs-img-thumbs\"  data-thumbnail=\"https:\/\/www.racoon-arts.de\/wp-content\/uploads\/2021\/06\/DSC_7323_BEA_kl-684x1024.jpg\"  title=\"Puzzle King\"  data-width=\"676\"  data-height=\"1012\" ><\/div><div class=\"rbs-img-data-popup\"  data-popup=\"https:\/\/www.racoon-arts.de\/wp-content\/uploads\/2021\/06\/DSC_7323_BEA_kl-scaled.jpg\"  title=\"Puzzle King\" ><\/div><div class=\"thumbnail-overlay\"><div class=\"rbsTitle \">Puzzle King<\/div><div class=\"rbsIcons\"><i class=\"fa fa-search rbsZoomIcon \" ><\/i><\/div><\/div><\/div><\/div><div class=\"rbs-img  category1587 \"  data-columns=\"1\" ><div class=\"rbs-img-image   rbs-lightbox \" ><div class=\"rbs-img-thumbs\"  data-thumbnail=\"https:\/\/www.racoon-arts.de\/wp-content\/uploads\/2021\/06\/DSC_7271_BEA_kl-684x1024.jpg\"  title=\"Puzzle King\"  data-width=\"676\"  data-height=\"1012\" ><\/div><div class=\"rbs-img-data-popup\"  data-popup=\"https:\/\/www.racoon-arts.de\/wp-content\/uploads\/2021\/06\/DSC_7271_BEA_kl-scaled.jpg\"  title=\"Puzzle King\" ><\/div><div class=\"thumbnail-overlay\"><div class=\"rbsTitle \">Puzzle King<\/div><div class=\"rbsIcons\"><i class=\"fa fa-search rbsZoomIcon \" ><\/i><\/div><\/div><\/div><\/div><div class=\"rbs-img  category1587 \" ><div class=\"rbs-img-image   rbs-lightbox \" ><div class=\"rbs-img-thumbs\"  data-thumbnail=\"https:\/\/www.racoon-arts.de\/wp-content\/uploads\/2021\/06\/DSC_7303_BEA_kl-684x1024.jpg\"  title=\"Puzzle King\"  data-width=\"676\"  data-height=\"1012\" ><\/div><div class=\"rbs-img-data-popup\"  data-popup=\"https:\/\/www.racoon-arts.de\/wp-content\/uploads\/2021\/06\/DSC_7303_BEA_kl-scaled.jpg\"  title=\"Puzzle King\" ><\/div><div class=\"thumbnail-overlay\"><div class=\"rbsTitle \">Puzzle King<\/div><div class=\"rbsIcons\"><i class=\"fa fa-search rbsZoomIcon \" ><\/i><\/div><\/div><\/div><\/div><\/div><\/div><\/div><script>var rbs_gallery_69d79f8663ae3 = {\"version\":\"3.2.5\",\"id\":1587,\"class\":\"id1587\",\"roboGalleryDelay\":1000,\"mainContainer\":\"#robo_gallery_main_block_rbs_gallery_69d79f8663ae3\",\"loadingContainer\":\"#rbs_gallery_69d79f8663ae3-block-loader\",\"loadingContainerObj\":\"rbs_gallery_69d79f8663ae3-block-loader\",\"columnWidth\":\"auto\",\"columns\":3,\"resolutions\":[{\"columnWidth\":\"auto\",\"columns\":3,\"maxWidth\":960},{\"columnWidth\":\"auto\",\"columns\":2,\"maxWidth\":650},{\"columnWidth\":\"auto\",\"columns\":1,\"maxWidth\":450}],\"lightboxOptions\":{\"gallery\":{\"enabled\":true,\"tCounter\":\"%curr% of %total%\"}},\"overlayEffect\":\"direction-aware-fade\",\"boxesToLoadStart\":20,\"boxesToLoad\":20,\"waitUntilThumbLoads\":1,\"LoadingWord\":\"Loading...\",\"loadMoreWord\":\"Load More\",\"noMoreEntriesWord\":\"No More Entries\",\"horizontalSpaceBetweenBoxes\":15,\"verticalSpaceBetweenBoxes\":15,\"lazyLoad\":1,\"wrapContainer\":\"#robo-gallery-wrap-rbs_gallery_69d79f8663ae3\",\"filterContainer\":\"#rbs_gallery_69d79f8663ae3filter\",\"loadMoreClass\":\"button-flat button-large \"};<\/script>\n","protected":false},"excerpt":{"rendered":"<p>Crowns Wir schreiben das Jahr 2020 &#8211; im Fr\u00fchjahr erlebten wir alle eine Situation die uns fremd war. Eine Pandemie &#8211; keiner wei\u00df was passiert, wie es sich entwickeln wird und wie wir uns verhalten sollen. F\u00fcr viele Berufszweige hie\u00df es ab M\u00e4rz 2020 das wir nicht mehr arbeiten k\u00f6nnen. Darunter z\u00e4hlten auch Fotografen. Auch [&hellip;]<\/p>\n","protected":false},"author":1,"featured_media":0,"parent":310,"menu_order":1,"comment_status":"closed","ping_status":"closed","template":"template-fullwidth.php","meta":[],"_links":{"self":[{"href":"https:\/\/www.racoon-arts.de\/index.php\/wp-json\/wp\/v2\/pages\/1584"}],"collection":[{"href":"https:\/\/www.racoon-arts.de\/index.php\/wp-json\/wp\/v2\/pages"}],"about":[{"href":"https:\/\/www.racoon-arts.de\/index.php\/wp-json\/wp\/v2\/types\/page"}],"author":[{"embeddable":true,"href":"https:\/\/www.racoon-arts.de\/index.php\/wp-json\/wp\/v2\/users\/1"}],"replies":[{"embeddable":true,"href":"https:\/\/www.racoon-arts.de\/index.php\/wp-json\/wp\/v2\/comments?post=1584"}],"version-history":[{"count":5,"href":"https:\/\/www.racoon-arts.de\/index.php\/wp-json\/wp\/v2\/pages\/1584\/revisions"}],"predecessor-version":[{"id":1608,"href":"https:\/\/www.racoon-arts.de\/index.php\/wp-json\/wp\/v2\/pages\/1584\/revisions\/1608"}],"up":[{"embeddable":true,"href":"https:\/\/www.racoon-arts.de\/index.php\/wp-json\/wp\/v2\/pages\/310"}],"wp:attachment":[{"href":"https:\/\/www.racoon-arts.de\/index.php\/wp-json\/wp\/v2\/media?parent=1584"}],"curies":[{"name":"wp","href":"https:\/\/api.w.org\/{rel}","templated":true}]}}