{"id":242,"date":"2015-04-19T20:02:54","date_gmt":"2015-04-19T18:02:54","guid":{"rendered":"http:\/\/racoon-arts.de\/?page_id=242"},"modified":"2020-02-05T09:01:46","modified_gmt":"2020-02-05T07:01:46","slug":"racoon-arts-contact","status":"publish","type":"page","link":"https:\/\/www.racoon-arts.de\/index.php\/racoon-arts-contact\/","title":{"rendered":"racoon arts"},"content":{"rendered":"<p><em><strong><img decoding=\"async\" loading=\"lazy\" class=\"size-medium wp-image-1373 alignleft\" src=\"https:\/\/www.racoon-arts.de\/wp-content\/uploads\/2020\/02\/034-200x300.jpg\" alt=\"\" width=\"200\" height=\"300\" srcset=\"https:\/\/www.racoon-arts.de\/wp-content\/uploads\/2020\/02\/034-200x300.jpg 200w, https:\/\/www.racoon-arts.de\/wp-content\/uploads\/2020\/02\/034-682x1024.jpg 682w, https:\/\/www.racoon-arts.de\/wp-content\/uploads\/2020\/02\/034-768x1153.jpg 768w, https:\/\/www.racoon-arts.de\/wp-content\/uploads\/2020\/02\/034-1023x1536.jpg 1023w, https:\/\/www.racoon-arts.de\/wp-content\/uploads\/2020\/02\/034-676x1015.jpg 676w, https:\/\/www.racoon-arts.de\/wp-content\/uploads\/2020\/02\/034.jpg 1066w\" sizes=\"(max-width: 200px) 100vw, 200px\" \/>\u00a0 <span style=\"color: #ff6600;\">\u201eWer steckt eigentlich hinter Racoon\u00a0 Arts?\u201c<\/span><\/strong><\/em><br \/><span style=\"color: #ff6600;\"><em><strong>\u00a0 \u201eWoher kommt der und was macht der?\u201c<\/strong><\/em><\/span><br \/><span style=\"color: #ff6600;\"><em><strong>\u00a0 \u201eWarum sollte ich ihm vertrauen?\u201c<\/strong><\/em><\/span><\/p>\n<p><span style=\"color: #000000;\">Gute Fragen! Hinter dem Label Racoon Arts stecke ich &#8211; Claus. Ich bin (Stand 1.2.2020) 33 Jahre alt und bin ein geborener Dresdner. Ich bin in Ebersbach (bei Gro\u00dfenhain) aufgewachsen und anschlie\u00dfend nach Riesa gezogen, um meine Ausbildung als Mediengestalter f\u00fcr Print &amp; Digitalmedien anzutreten. Im wahrsten Sinne des Wortes, denn mit 16 ist es relativ schwierig zu wissen was man den Rest seines Lebens machen m\u00f6chte. Im Nachhinein muss ich sagen, dass meine Entscheidung auf keinen Fall falsch war.<\/span><\/p>\n<p><span style=\"color: #000000;\">Ausbildung mit Gautschbrief in der Tasche, habe ich das gemacht was Teenager so machen. Freunde treffen, Hobbys nachgehen&#8230; und dabei traf ich irgendwann auf einen Mann der mir eine Seite gezeigt hat, die ich so von mir nicht kannte. <strong><a style=\"color: #000000;\" href=\"http:\/\/bjelotschka.com\/\">Bjelotschka<\/a><\/strong> &#8211; ein Fotograf aus Leipzig bot mir ein Shooting an, was sich \u00fcber die Jahre daraus entwickeln konnte, war f\u00fcr mich nicht abzusehen. Bjelotschka hat mit mir oft zusammen gearbeitet. Nat\u00fcrlich waren wir auch befreundet, daher habe ich auch ein ungebrochenes Vertrauen zu ihm. Als die ersten Bilder von mir in sozialen Netzwerken auftauchten, boten mir auch viele weitere, talentierte und offene Fotografen Shootings an. Die meisten von den Fotografen geh\u00f6ren heute zu meinem engen Bekanntenkreis. Nat\u00fcrlich gab es auch extreme Arschl\u00f6cher und arrogante Egoisten, aber auch daf\u00fcr bin ich im Nachgang sehr dankbar. Jede Niederlage bringt einen weiter!<\/span><\/p>\n<p><span style=\"color: #000000;\">Das Modeln hat mir immer sehr viel Spa\u00df gemacht. Mir wurde dennoch irgendwann bewusst, das ich die Liebe zum Detail verloren habe. Ich fand diese wieder, als mein bester Freund Marco mir seine Kamera in die Hand dr\u00fcckte und sagte: \u201eMach mal ein paar Bilder, du hast doch oft genug mitbekommen wie sowas geht!\u201c &#8211; Ich kann diese ersten Bilder heute nicht mehr sehen, aber ja &#8211; es hat verdammt nochmal viel Spa\u00df gemacht. Mit der Hilfe von der wundervollen <a style=\"color: #000000;\" href=\"http:\/\/fanicio.us\/\"><strong>Fanicio.us<\/strong> <\/a>&amp; der atemberaubenden <a style=\"color: #000000;\" href=\"http:\/\/steffimanthey.de\/\"><strong>Steffi Manthey<\/strong> <\/a>(beides Fotografen, die ich heute als Freunde bezeichnen darf), habe ich schnell dazu lernen k\u00f6nnen. Ich hatte auf einmal die M\u00f6glichkeit in der Welt von Nikon einzutauchen und als Hobby-Fotograf Shootings anzubieten. Ich hatte viel Spa\u00df dabei &#8211; auch wenn mein Freundeskreis darunter leiden musste, st\u00e4ndig hin-halten zu m\u00fcssen.<\/span><\/p>\n<p><span style=\"color: #000000;\">Es entwickelte sich alles St\u00fcck f\u00fcr St\u00fcck und Racoon Arts wurde geboren. Heute stehe ich als semi-professioneller Fotograf jedem zur Verf\u00fcgung, der sich traut. Durch meine Erfahrungen vor der Kamera kann ich mich empathisch auf mein Model einlassen, Tipps geben, motivieren &amp; perfekt in Szene setzen.<\/span><\/p>\n<p><span style=\"color: #000000;\">Mittlerweile lebe ich in Leipzig und arbeite haupts\u00e4chlich als Senior Projektmanager f\u00fcr einen Online Dienstleister. Oft stellt man mir die Frage, ob ich nicht hauptberuflich als Fotograf arbeiten m\u00f6chte. Nein, auf keinen Fall. Denn ich bin gl\u00fccklich wie es jetzt ist. Ich kann mein Hobby aus\u00fcben ohne Angst zuhaben, dass ich die Leidenschaft durch das Allt\u00e4gliche verliere. Kann Ideen sammeln, mich inspirieren lassen und planen. Jetzt kommst DU ins Spiel! Denn vielleicht darf ich schon das n\u00e4chste Shooting f\u00fcr dich planen ? Dann melde dich bei mir, ich freue mich auf Dich und \u00fcber jede Anfrage!<\/span><\/p>\n<p><span style=\"color: #000000;\"><strong>Euer Claus aka Racoon<\/strong><\/span><\/p>\n<p><span style=\"color: #000000;\">An dieser Stelle m\u00f6chte ich mich vom Herzen bei meinen Kollegen bedanken! Danke Steffi, Steffi, Noah, Ron, Matthias, Luisa, Nancy, Anne, Anna, Ken, Paul, Peter, Jens, Anja, Benjamin, Sandra, Franzi, Lucy\u00a0&amp; all den anderen!<\/span><\/p>\n<p>PS: <span style=\"color: #800000;\"><a style=\"color: #800000;\" href=\"https:\/\/www.racoon-arts.de\/index.php\/gallery\/claude\/\"><strong>HIER<\/strong> <\/a><\/span>k\u00f6nnt ihr euch ein paar Arbeiten der letzten Jahre anschauen, wo ich vor der Kamera agiere.<\/p>\n\n","protected":false},"excerpt":{"rendered":"<p>\u00a0 \u201eWer steckt eigentlich hinter Racoon\u00a0 Arts?\u201c\u00a0 \u201eWoher kommt der und was macht der?\u201c\u00a0 \u201eWarum sollte ich ihm vertrauen?\u201c Gute Fragen! Hinter dem Label Racoon Arts stecke ich &#8211; Claus. Ich bin (Stand 1.2.2020) 33 Jahre alt und bin ein geborener Dresdner. Ich bin in Ebersbach (bei Gro\u00dfenhain) aufgewachsen und anschlie\u00dfend nach Riesa gezogen, um [&hellip;]<\/p>\n","protected":false},"author":1,"featured_media":0,"parent":0,"menu_order":0,"comment_status":"closed","ping_status":"open","template":"template-fullwidth.php","meta":[],"_links":{"self":[{"href":"https:\/\/www.racoon-arts.de\/index.php\/wp-json\/wp\/v2\/pages\/242"}],"collection":[{"href":"https:\/\/www.racoon-arts.de\/index.php\/wp-json\/wp\/v2\/pages"}],"about":[{"href":"https:\/\/www.racoon-arts.de\/index.php\/wp-json\/wp\/v2\/types\/page"}],"author":[{"embeddable":true,"href":"https:\/\/www.racoon-arts.de\/index.php\/wp-json\/wp\/v2\/users\/1"}],"replies":[{"embeddable":true,"href":"https:\/\/www.racoon-arts.de\/index.php\/wp-json\/wp\/v2\/comments?post=242"}],"version-history":[{"count":13,"href":"https:\/\/www.racoon-arts.de\/index.php\/wp-json\/wp\/v2\/pages\/242\/revisions"}],"predecessor-version":[{"id":1400,"href":"https:\/\/www.racoon-arts.de\/index.php\/wp-json\/wp\/v2\/pages\/242\/revisions\/1400"}],"wp:attachment":[{"href":"https:\/\/www.racoon-arts.de\/index.php\/wp-json\/wp\/v2\/media?parent=242"}],"curies":[{"name":"wp","href":"https:\/\/api.w.org\/{rel}","templated":true}]}}